{"id":124,"date":"2024-10-01T10:17:47","date_gmt":"2024-10-01T08:17:47","guid":{"rendered":"http:\/\/www.barbotineciselet.fr\/?page_id=124"},"modified":"2026-04-25T10:51:17","modified_gmt":"2026-04-25T08:51:17","slug":"stages-modelage-sculpture-ceramique","status":"publish","type":"page","link":"http:\/\/www.barbotineciselet.fr\/en\/stages-modelage-sculpture-ceramique\/","title":{"rendered":"the shared studio"},"content":{"rendered":"\n<figure class=\"wp-block-image size-full is-resized\"><img loading=\"lazy\" decoding=\"async\" width=\"1529\" height=\"1029\" src=\"https:\/\/www.barbotineciselet.fr\/wp-content\/uploads\/2026\/04\/barbotineciselet-stage.png\" alt=\"\" class=\"wp-image-663\" style=\"width:800px\" srcset=\"http:\/\/www.barbotineciselet.fr\/wp-content\/uploads\/2026\/04\/barbotineciselet-stage.png 1529w, http:\/\/www.barbotineciselet.fr\/wp-content\/uploads\/2026\/04\/barbotineciselet-stage-300x202.png 300w, http:\/\/www.barbotineciselet.fr\/wp-content\/uploads\/2026\/04\/barbotineciselet-stage-1024x689.png 1024w, http:\/\/www.barbotineciselet.fr\/wp-content\/uploads\/2026\/04\/barbotineciselet-stage-768x517.png 768w, http:\/\/www.barbotineciselet.fr\/wp-content\/uploads\/2026\/04\/barbotineciselet-stage-18x12.png 18w, http:\/\/www.barbotineciselet.fr\/wp-content\/uploads\/2026\/04\/barbotineciselet-stage-600x404.png 600w\" sizes=\"auto, (max-width: 1529px) 100vw, 1529px\" \/><\/figure>\n\n\n\n<p class=\"has-accent-4-color has-text-color has-link-color wp-elements-024da63c917d8540a28493ad6b059901\"><strong><br>Aucune exp\u00e9rience n&rsquo;est n\u00e9cessaire. Juste l&rsquo;envie.<\/strong><br><\/p>\n\n\n\n<p>Parce que la terre se vit autant qu&rsquo;elle se sculpte, j&rsquo;ai souhait\u00e9 ouvrir mon atelier \u00e0 celles et ceux qui ressentent l&rsquo;envie de cr\u00e9er de leur mains. Deux fois par an, le temps d&rsquo;un week-end je propose une initiation \u00e0 la sculpture -un moment de partage sinc\u00e8re, accessible \u00e0 toutes et tous, m\u00eame si vos mains n&rsquo;ont encore jamais model\u00e9. <br>Ensemble, nous explorerons les principales \u00e9tapes du modelage d&rsquo;un petit buste en terre cuite (environ 20 cm) : les proposition du corps, le placement des traits d&rsquo;un visage, mes techniques personnelles, les engobes pour mettre en couleur et la pr\u00e9paration de la cuisson<br>A partir de mes conseils et de votre propre sensibilit\u00e9, vous cr\u00e9erez une pi\u00e8ce unique -\u00e0 votre image, \u00e0 votre mani\u00e8re.<\/p>\n\n\n\n<figure class=\"wp-block-image size-large is-resized\"><img loading=\"lazy\" decoding=\"async\" width=\"1024\" height=\"677\" src=\"http:\/\/www.barbotineciselet.fr\/wp-content\/uploads\/2024\/10\/barbotineciselet-andreetraymondee-1024x677.jpg\" alt=\"\" class=\"wp-image-128\" style=\"width:300px\" srcset=\"http:\/\/www.barbotineciselet.fr\/wp-content\/uploads\/2024\/10\/barbotineciselet-andreetraymondee-1024x677.jpg 1024w, http:\/\/www.barbotineciselet.fr\/wp-content\/uploads\/2024\/10\/barbotineciselet-andreetraymondee-300x198.jpg 300w, http:\/\/www.barbotineciselet.fr\/wp-content\/uploads\/2024\/10\/barbotineciselet-andreetraymondee-768x507.jpg 768w, http:\/\/www.barbotineciselet.fr\/wp-content\/uploads\/2024\/10\/barbotineciselet-andreetraymondee-1536x1015.jpg 1536w, http:\/\/www.barbotineciselet.fr\/wp-content\/uploads\/2024\/10\/barbotineciselet-andreetraymondee-2048x1353.jpg 2048w\" sizes=\"auto, (max-width: 1024px) 100vw, 1024px\" \/><\/figure>\n\n\n\n<p><strong>Informations pratiques<\/strong><br>Stage d&rsquo;initiation samedi et dimanche 9h30 \u00e0 16h30<br>Prix : 260 euros. Il comprend les cours, le mat\u00e9riel, les engobes, la cuisson<br>Repas : formule auberge espagnole<br>Les dates : non encore programm\u00e9es &#8211; pour les connaitre compl\u00e9tez le formulaire ci-dessous<br>Lieu&nbsp;: 22 rue des Lilas &#8211; 31500 Toulouse<br>Public&nbsp;: adultes \u2013 adolescents<br>Groupe&nbsp;: 4 personnes<br>Pour plus d&rsquo;informations : contact@barbotineciselet.fr<br><br>Pour vous inscrire ou pour des informations, vous pouvez compl\u00e9ter le formulaire ci-dessous :<\/p>\n\n\n<style id=\"wpforms-css-vars-10-block-0608d086-bb84-44a9-be00-916c189afad2\">\n\t\t\t\t#wpforms-10.wpforms-block-0608d086-bb84-44a9-be00-916c189afad2 {\n\t\t\t\t--wpforms-field-size-input-height: 43px;\n--wpforms-field-size-input-spacing: 15px;\n--wpforms-field-size-font-size: 16px;\n--wpforms-field-size-line-height: 19px;\n--wpforms-field-size-padding-h: 14px;\n--wpforms-field-size-checkbox-size: 16px;\n--wpforms-field-size-sublabel-spacing: 5px;\n--wpforms-field-size-icon-size: 1;\n--wpforms-label-size-font-size: 16px;\n--wpforms-label-size-line-height: 19px;\n--wpforms-label-size-sublabel-font-size: 14px;\n--wpforms-label-size-sublabel-line-height: 17px;\n--wpforms-button-size-font-size: 17px;\n--wpforms-button-size-height: 41px;\n--wpforms-button-size-padding-h: 15px;\n--wpforms-button-size-margin-top: 10px;\n\t\t\t}\n\t\t\t<\/style><div class=\"wpforms-container wpforms-container-full wpforms-block wpforms-block-0608d086-bb84-44a9-be00-916c189afad2 wpforms-render-modern\" id=\"wpforms-10\"><form id=\"wpforms-form-10\" class=\"wpforms-validate wpforms-form wpforms-ajax-form\" data-formid=\"10\" method=\"post\" enctype=\"multipart\/form-data\" action=\"\/en\/wp-json\/wp\/v2\/pages\/124\" data-token=\"b2359cc356fc057167fef3a59033dd5a\" data-token-time=\"1777467374\"><noscript class=\"wpforms-error-noscript\">Please enable JavaScript in your browser to complete this form.<\/noscript><div id=\"wpforms-error-noscript\" style=\"display: none;\">Please enable JavaScript in your browser to complete this form.<\/div><div class=\"wpforms-field-container\"><div id=\"wpforms-10-field_1-container\" class=\"wpforms-field wpforms-field-name\" data-field-id=\"1\"><fieldset><legend class=\"wpforms-field-label\">nom\/name <span class=\"wpforms-required-label\" aria-hidden=\"true\">*<\/span><\/legend><div class=\"wpforms-field-row wpforms-field-medium\"><div class=\"wpforms-field-row-block wpforms-first wpforms-one-half\"><input type=\"text\" id=\"wpforms-10-field_1\" class=\"wpforms-field-name-first wpforms-field-required\" name=\"wpforms[fields][1][first]\" aria-errormessage=\"wpforms-10-field_1-error\" required><label for=\"wpforms-10-field_1\" class=\"wpforms-field-sublabel after\">First<\/label><\/div><div class=\"wpforms-field-row-block wpforms-one-half\"><input type=\"text\" id=\"wpforms-10-field_1-last\" class=\"wpforms-field-name-last wpforms-field-required\" name=\"wpforms[fields][1][last]\" aria-errormessage=\"wpforms-10-field_1-last-error\" required><label for=\"wpforms-10-field_1-last\" class=\"wpforms-field-sublabel after\">Last<\/label><\/div><\/div><\/fieldset><\/div><div id=\"wpforms-10-field_2-container\" class=\"wpforms-field wpforms-field-email\" data-field-id=\"2\"><label class=\"wpforms-field-label\" for=\"wpforms-10-field_2\">E-mail <span class=\"wpforms-required-label\" aria-hidden=\"true\">*<\/span><\/label><input type=\"email\" id=\"wpforms-10-field_2\" class=\"wpforms-field-medium wpforms-field-required\" name=\"wpforms[fields][2]\" spellcheck=\"false\" aria-errormessage=\"wpforms-10-field_2-error\" required><\/div><div id=\"wpforms-10-field_3-container\" class=\"wpforms-field wpforms-field-textarea\" data-field-id=\"3\"><label class=\"wpforms-field-label\" for=\"wpforms-10-field_3\">message &#8211; newsletter<\/label><textarea id=\"wpforms-10-field_3\" class=\"wpforms-field-medium\" name=\"wpforms[fields][3]\" aria-errormessage=\"wpforms-10-field_3-error\" ><\/textarea><\/div>\t\t<div id=\"wpforms-10-field_4-container\"\n\t\t\tclass=\"wpforms-field wpforms-field-text\"\n\t\t\tdata-field-type=\"text\"\n\t\t\tdata-field-id=\"4\"\n\t\t\t>\n\t\t\t<label class=\"wpforms-field-label\" for=\"wpforms-10-field_4\" >case nom\/name E-mail<\/label>\n\t\t\t<input type=\"text\" id=\"wpforms-10-field_4\" class=\"wpforms-field-medium\" name=\"wpforms[fields][4]\" >\n\t\t<\/div>\n\t\t<div id=\"wpforms-10-field_5-container\" class=\"wpforms-field wpforms-field-checkbox\" data-field-id=\"5\"><fieldset><legend class=\"wpforms-field-label\">case \u00e0 cocher<\/legend><ul id=\"wpforms-10-field_5\"><li class=\"choice-1 depth-1\"><input type=\"checkbox\" id=\"wpforms-10-field_5_1\" name=\"wpforms[fields][5][]\" value=\"&quot;en envoyant le formulaire j&#039;accepte votre &lt;a target=&quot;\u00bb_blank\u00a0\u00bb&quot; href=&quot;http:\/\/www.barbotineciselet.fr\/wp-admin\/post.php?post=28&amp;action=edit&quot;&gt;politique de confidentialit\u00e9&lt;\/a&gt; &quot;\" aria-errormessage=\"wpforms-10-field_5_1-error\"  ><label class=\"wpforms-field-label-inline\" for=\"wpforms-10-field_5_1\">\u00ab\u00a0en envoyant le formulaire j&rsquo;accepte votre &lt;a target=\u00a0\u00bb\u00bb_blank\u00a0\u00bb\u00a0\u00bb href=\u00a0\u00bbhttp:\/\/www.barbotineciselet.fr\/wp-admin\/post.php?post=28&amp;action=edit\u00a0\u00bb&gt;politique de confidentialit\u00e9&lt;\/a&gt; \u00ab\u00a0<\/label><\/li><\/ul><\/fieldset><\/div><script>\n\t\t\t\t( function() {\n\t\t\t\t\tconst style = document.createElement( 'style' );\n\t\t\t\t\tstyle.appendChild( document.createTextNode( '#wpforms-10-field_4-container { position: absolute !important; overflow: hidden !important; display: inline !important; height: 1px !important; width: 1px !important; z-index: -1000 !important; padding: 0 !important; } #wpforms-10-field_4-container input { visibility: hidden; } #wpforms-conversational-form-page #wpforms-10-field_4-container label { counter-increment: none; }' ) );\n\t\t\t\t\tdocument.head.appendChild( style );\n\t\t\t\t\tdocument.currentScript?.remove();\n\t\t\t\t} )();\n\t\t\t<\/script><\/div><!-- .wpforms-field-container --><div class=\"wpforms-submit-container\" ><input type=\"hidden\" name=\"wpforms[id]\" value=\"10\"><input type=\"hidden\" name=\"page_title\" value=\"\"><input type=\"hidden\" name=\"page_url\" value=\"http:\/\/www.barbotineciselet.fr\/en\/wp-json\/wp\/v2\/pages\/124\"><input type=\"hidden\" name=\"url_referer\" value=\"\"><button type=\"submit\" name=\"wpforms[submit]\" id=\"wpforms-submit-10\" class=\"wpforms-submit\" data-alt-text=\"Envoi...\" data-submit-text=\"Envoyer\" aria-live=\"assertive\" value=\"wpforms-submit\">Envoyer<\/button><img loading=\"lazy\" decoding=\"async\" src=\"http:\/\/www.barbotineciselet.fr\/wp-content\/plugins\/wpforms-lite\/assets\/images\/submit-spin.svg\" class=\"wpforms-submit-spinner\" style=\"display: none;\" width=\"26\" height=\"26\" alt=\"Loading\"><\/div><\/form><\/div>  <!-- .wpforms-container -->","protected":false},"excerpt":{"rendered":"<p>Aucune exp\u00e9rience n&rsquo;est n\u00e9cessaire. Juste l&rsquo;envie. Parce que la terre se vit autant qu&rsquo;elle se sculpte, j&rsquo;ai souhait\u00e9 ouvrir mon atelier \u00e0 celles et ceux qui ressentent l&rsquo;envie de cr\u00e9er de leur mains. Deux fois par an, le temps d&rsquo;un week-end je propose une initiation \u00e0 la sculpture -un moment de partage sinc\u00e8re, accessible \u00e0 [&hellip;]<\/p>\n","protected":false},"author":1,"featured_media":0,"parent":0,"menu_order":0,"comment_status":"closed","ping_status":"closed","template":"","meta":{"footnotes":""},"class_list":["post-124","page","type-page","status-publish","hentry"],"yoast_head":"<!-- This site is optimized with the Yoast SEO plugin v27.1.1 - https:\/\/yoast.com\/product\/yoast-seo-wordpress\/ -->\n<title>l&#039;atelier partag\u00e9 - BARBOTINE CISELET sculptures d&#039;\u00e9motions TOULOUSE - FRANCE<\/title>\n<meta name=\"description\" content=\"initation modelage sculpture terre toulouse france Introduction to clay modeling and sculpture in Toulouse, France\" \/>\n<meta name=\"robots\" content=\"index, follow, max-snippet:-1, max-image-preview:large, max-video-preview:-1\" \/>\n<link rel=\"canonical\" href=\"http:\/\/www.barbotineciselet.fr\/en\/stages-modelage-sculpture-ceramique\/\" \/>\n<meta property=\"og:locale\" content=\"en_GB\" \/>\n<meta property=\"og:type\" content=\"article\" \/>\n<meta property=\"og:title\" content=\"l&#039;atelier partag\u00e9 - BARBOTINE CISELET sculptures d&#039;\u00e9motions TOULOUSE - FRANCE\" \/>\n<meta property=\"og:description\" content=\"initation modelage sculpture terre toulouse france Introduction to clay modeling and sculpture in Toulouse, France\" \/>\n<meta property=\"og:url\" content=\"http:\/\/www.barbotineciselet.fr\/en\/stages-modelage-sculpture-ceramique\/\" \/>\n<meta property=\"og:site_name\" content=\"BARBOTINE CISELET sculptures d&#039;\u00e9motions TOULOUSE - FRANCE\" \/>\n<meta property=\"article:publisher\" content=\"https:\/\/www.facebook.com\/profile.php?id=100011430076168\" \/>\n<meta property=\"article:modified_time\" content=\"2026-04-25T08:51:17+00:00\" \/>\n<meta property=\"og:image\" content=\"https:\/\/www.barbotineciselet.fr\/wp-content\/uploads\/2026\/04\/barbotineciselet-stage.png\" \/>\n<meta name=\"twitter:card\" content=\"summary_large_image\" \/>\n<meta name=\"twitter:label1\" content=\"Estimated reading time\" \/>\n\t<meta name=\"twitter:data1\" content=\"2 minutes\" \/>\n<script type=\"application\/ld+json\" class=\"yoast-schema-graph\">{\"@context\":\"https:\/\/schema.org\",\"@graph\":[{\"@type\":\"WebPage\",\"@id\":\"http:\/\/www.barbotineciselet.fr\/stages-modelage-sculpture-ceramique\/\",\"url\":\"http:\/\/www.barbotineciselet.fr\/stages-modelage-sculpture-ceramique\/\",\"name\":\"l'atelier partag\u00e9 - BARBOTINE CISELET sculptures d&#039;\u00e9motions TOULOUSE - FRANCE\",\"isPartOf\":{\"@id\":\"http:\/\/www.barbotineciselet.fr\/#website\"},\"primaryImageOfPage\":{\"@id\":\"http:\/\/www.barbotineciselet.fr\/stages-modelage-sculpture-ceramique\/#primaryimage\"},\"image\":{\"@id\":\"http:\/\/www.barbotineciselet.fr\/stages-modelage-sculpture-ceramique\/#primaryimage\"},\"thumbnailUrl\":\"https:\/\/www.barbotineciselet.fr\/wp-content\/uploads\/2026\/04\/barbotineciselet-stage.png\",\"datePublished\":\"2024-10-01T08:17:47+00:00\",\"dateModified\":\"2026-04-25T08:51:17+00:00\",\"description\":\"initation modelage sculpture terre toulouse france Introduction to clay modeling and sculpture in Toulouse, France\",\"breadcrumb\":{\"@id\":\"http:\/\/www.barbotineciselet.fr\/stages-modelage-sculpture-ceramique\/#breadcrumb\"},\"inLanguage\":\"en-GB\",\"potentialAction\":[{\"@type\":\"ReadAction\",\"target\":[\"http:\/\/www.barbotineciselet.fr\/stages-modelage-sculpture-ceramique\/\"]}]},{\"@type\":\"ImageObject\",\"inLanguage\":\"en-GB\",\"@id\":\"http:\/\/www.barbotineciselet.fr\/stages-modelage-sculpture-ceramique\/#primaryimage\",\"url\":\"https:\/\/www.barbotineciselet.fr\/wp-content\/uploads\/2026\/04\/barbotineciselet-stage.png\",\"contentUrl\":\"https:\/\/www.barbotineciselet.fr\/wp-content\/uploads\/2026\/04\/barbotineciselet-stage.png\"},{\"@type\":\"BreadcrumbList\",\"@id\":\"http:\/\/www.barbotineciselet.fr\/stages-modelage-sculpture-ceramique\/#breadcrumb\",\"itemListElement\":[{\"@type\":\"ListItem\",\"position\":1,\"name\":\"Accueil\",\"item\":\"http:\/\/www.barbotineciselet.fr\/\"},{\"@type\":\"ListItem\",\"position\":2,\"name\":\"l&rsquo;atelier partag\u00e9\"}]},{\"@type\":\"WebSite\",\"@id\":\"http:\/\/www.barbotineciselet.fr\/#website\",\"url\":\"http:\/\/www.barbotineciselet.fr\/\",\"name\":\"BARBOTINE CISELET sculptures d'\u00e9motions TOULOUSE - FRANCE\",\"description\":\"sculptures d&#039;\u00e9motions - terre - pi\u00e8ces uniques, toulouse, France\",\"publisher\":{\"@id\":\"http:\/\/www.barbotineciselet.fr\/#\/schema\/person\/a26f367135c23aa07ad9d2b11b9a810e\"},\"potentialAction\":[{\"@type\":\"SearchAction\",\"target\":{\"@type\":\"EntryPoint\",\"urlTemplate\":\"http:\/\/www.barbotineciselet.fr\/?s={search_term_string}\"},\"query-input\":{\"@type\":\"PropertyValueSpecification\",\"valueRequired\":true,\"valueName\":\"search_term_string\"}}],\"inLanguage\":\"en-GB\"},{\"@type\":[\"Person\",\"Organization\"],\"@id\":\"http:\/\/www.barbotineciselet.fr\/#\/schema\/person\/a26f367135c23aa07ad9d2b11b9a810e\",\"name\":\"barbotine ciselet\",\"image\":{\"@type\":\"ImageObject\",\"inLanguage\":\"en-GB\",\"@id\":\"http:\/\/www.barbotineciselet.fr\/#\/schema\/person\/image\/\",\"url\":\"http:\/\/www.barbotineciselet.fr\/wp-content\/uploads\/2026\/03\/LOGO_2026-scaled.jpg\",\"contentUrl\":\"http:\/\/www.barbotineciselet.fr\/wp-content\/uploads\/2026\/03\/LOGO_2026-scaled.jpg\",\"width\":2560,\"height\":623,\"caption\":\"barbotine ciselet\"},\"logo\":{\"@id\":\"http:\/\/www.barbotineciselet.fr\/#\/schema\/person\/image\/\"},\"sameAs\":[\"http:\/\/www.barbotineciselet.fr\",\"https:\/\/www.facebook.com\/profile.php?id=100011430076168\",\"https:\/\/www.instagram.com\/barbotineciselet_sculptures\/\"]}]}<\/script>\n<!-- \/ Yoast SEO plugin. -->","yoast_head_json":{"title":"l'atelier partag\u00e9 - BARBOTINE CISELET sculptures d&#039;\u00e9motions TOULOUSE - FRANCE","description":"initation modelage sculpture terre toulouse france Introduction to clay modeling and sculpture in Toulouse, France","robots":{"index":"index","follow":"follow","max-snippet":"max-snippet:-1","max-image-preview":"max-image-preview:large","max-video-preview":"max-video-preview:-1"},"canonical":"http:\/\/www.barbotineciselet.fr\/en\/stages-modelage-sculpture-ceramique\/","og_locale":"en_GB","og_type":"article","og_title":"l'atelier partag\u00e9 - BARBOTINE CISELET sculptures d&#039;\u00e9motions TOULOUSE - FRANCE","og_description":"initation modelage sculpture terre toulouse france Introduction to clay modeling and sculpture in Toulouse, France","og_url":"http:\/\/www.barbotineciselet.fr\/en\/stages-modelage-sculpture-ceramique\/","og_site_name":"BARBOTINE CISELET sculptures d&#039;\u00e9motions TOULOUSE - FRANCE","article_publisher":"https:\/\/www.facebook.com\/profile.php?id=100011430076168","article_modified_time":"2026-04-25T08:51:17+00:00","og_image":[{"url":"https:\/\/www.barbotineciselet.fr\/wp-content\/uploads\/2026\/04\/barbotineciselet-stage.png","type":"","width":"","height":""}],"twitter_card":"summary_large_image","twitter_misc":{"Estimated reading time":"2 minutes"},"schema":{"@context":"https:\/\/schema.org","@graph":[{"@type":"WebPage","@id":"http:\/\/www.barbotineciselet.fr\/stages-modelage-sculpture-ceramique\/","url":"http:\/\/www.barbotineciselet.fr\/stages-modelage-sculpture-ceramique\/","name":"l'atelier partag\u00e9 - BARBOTINE CISELET sculptures d&#039;\u00e9motions TOULOUSE - FRANCE","isPartOf":{"@id":"http:\/\/www.barbotineciselet.fr\/#website"},"primaryImageOfPage":{"@id":"http:\/\/www.barbotineciselet.fr\/stages-modelage-sculpture-ceramique\/#primaryimage"},"image":{"@id":"http:\/\/www.barbotineciselet.fr\/stages-modelage-sculpture-ceramique\/#primaryimage"},"thumbnailUrl":"https:\/\/www.barbotineciselet.fr\/wp-content\/uploads\/2026\/04\/barbotineciselet-stage.png","datePublished":"2024-10-01T08:17:47+00:00","dateModified":"2026-04-25T08:51:17+00:00","description":"initation modelage sculpture terre toulouse france Introduction to clay modeling and sculpture in Toulouse, France","breadcrumb":{"@id":"http:\/\/www.barbotineciselet.fr\/stages-modelage-sculpture-ceramique\/#breadcrumb"},"inLanguage":"en-GB","potentialAction":[{"@type":"ReadAction","target":["http:\/\/www.barbotineciselet.fr\/stages-modelage-sculpture-ceramique\/"]}]},{"@type":"ImageObject","inLanguage":"en-GB","@id":"http:\/\/www.barbotineciselet.fr\/stages-modelage-sculpture-ceramique\/#primaryimage","url":"https:\/\/www.barbotineciselet.fr\/wp-content\/uploads\/2026\/04\/barbotineciselet-stage.png","contentUrl":"https:\/\/www.barbotineciselet.fr\/wp-content\/uploads\/2026\/04\/barbotineciselet-stage.png"},{"@type":"BreadcrumbList","@id":"http:\/\/www.barbotineciselet.fr\/stages-modelage-sculpture-ceramique\/#breadcrumb","itemListElement":[{"@type":"ListItem","position":1,"name":"Accueil","item":"http:\/\/www.barbotineciselet.fr\/"},{"@type":"ListItem","position":2,"name":"l&rsquo;atelier partag\u00e9"}]},{"@type":"WebSite","@id":"http:\/\/www.barbotineciselet.fr\/#website","url":"http:\/\/www.barbotineciselet.fr\/","name":"BARBOTINE CISELET sculptures d'\u00e9motions TOULOUSE - FRANCE","description":"sculptures d&#039;\u00e9motions - terre - pi\u00e8ces uniques, toulouse, France","publisher":{"@id":"http:\/\/www.barbotineciselet.fr\/#\/schema\/person\/a26f367135c23aa07ad9d2b11b9a810e"},"potentialAction":[{"@type":"SearchAction","target":{"@type":"EntryPoint","urlTemplate":"http:\/\/www.barbotineciselet.fr\/?s={search_term_string}"},"query-input":{"@type":"PropertyValueSpecification","valueRequired":true,"valueName":"search_term_string"}}],"inLanguage":"en-GB"},{"@type":["Person","Organization"],"@id":"http:\/\/www.barbotineciselet.fr\/#\/schema\/person\/a26f367135c23aa07ad9d2b11b9a810e","name":"barbotine ciselet","image":{"@type":"ImageObject","inLanguage":"en-GB","@id":"http:\/\/www.barbotineciselet.fr\/#\/schema\/person\/image\/","url":"http:\/\/www.barbotineciselet.fr\/wp-content\/uploads\/2026\/03\/LOGO_2026-scaled.jpg","contentUrl":"http:\/\/www.barbotineciselet.fr\/wp-content\/uploads\/2026\/03\/LOGO_2026-scaled.jpg","width":2560,"height":623,"caption":"barbotine ciselet"},"logo":{"@id":"http:\/\/www.barbotineciselet.fr\/#\/schema\/person\/image\/"},"sameAs":["http:\/\/www.barbotineciselet.fr","https:\/\/www.facebook.com\/profile.php?id=100011430076168","https:\/\/www.instagram.com\/barbotineciselet_sculptures\/"]}]}},"_links":{"self":[{"href":"http:\/\/www.barbotineciselet.fr\/en\/wp-json\/wp\/v2\/pages\/124","targetHints":{"allow":["GET"]}}],"collection":[{"href":"http:\/\/www.barbotineciselet.fr\/en\/wp-json\/wp\/v2\/pages"}],"about":[{"href":"http:\/\/www.barbotineciselet.fr\/en\/wp-json\/wp\/v2\/types\/page"}],"author":[{"embeddable":true,"href":"http:\/\/www.barbotineciselet.fr\/en\/wp-json\/wp\/v2\/users\/1"}],"replies":[{"embeddable":true,"href":"http:\/\/www.barbotineciselet.fr\/en\/wp-json\/wp\/v2\/comments?post=124"}],"version-history":[{"count":14,"href":"http:\/\/www.barbotineciselet.fr\/en\/wp-json\/wp\/v2\/pages\/124\/revisions"}],"predecessor-version":[{"id":664,"href":"http:\/\/www.barbotineciselet.fr\/en\/wp-json\/wp\/v2\/pages\/124\/revisions\/664"}],"wp:attachment":[{"href":"http:\/\/www.barbotineciselet.fr\/en\/wp-json\/wp\/v2\/media?parent=124"}],"curies":[{"name":"wp","href":"https:\/\/api.w.org\/{rel}","templated":true}]}}