{"id":287,"date":"2024-10-03T18:11:54","date_gmt":"2024-10-03T16:11:54","guid":{"rendered":"http:\/\/www.barbotineciselet.fr\/?page_id=287"},"modified":"2024-10-03T18:11:54","modified_gmt":"2024-10-03T16:11:54","slug":"mentions-legales","status":"publish","type":"page","link":"http:\/\/www.barbotineciselet.fr\/en\/mentions-legales\/","title":{"rendered":"legal notices"},"content":{"rendered":"<p>propri\u00e9taire et \u00e9diteur<br>raymonde naves, responsable de la publication<br>siret : 879 592 582 000 16<br>responsable CNIL<br>raymonde naves<br>22 rue des lilas 31500 TOULOUSE &#8211; France<br>t\u00e9l. : 06 60 59 41 13<br>m\u00e9l : contact@ barbotineciselet.fr<br><\/p>\n\n\n\n<p>h\u00e9bergement du site : OVH 2 rue Kellermann &#8211; 59100 Roubaix &#8211; France<\/p>","protected":false},"excerpt":{"rendered":"<p>propri\u00e9taire et \u00e9diteurraymonde naves, responsable de la publicationsiret : 879 592 582 000 16responsable CNILraymonde naves22 rue des lilas 31500 TOULOUSE &#8211; Francet\u00e9l. : 06 60 59 41 13m\u00e9l : contact@ barbotineciselet.fr h\u00e9bergement du site : OVH 2 rue Kellermann &#8211; 59100 Roubaix &#8211; France<\/p>","protected":false},"author":1,"featured_media":0,"parent":0,"menu_order":0,"comment_status":"closed","ping_status":"closed","template":"","meta":{"footnotes":""},"class_list":["post-287","page","type-page","status-publish","hentry"],"yoast_head":"<!-- This site is optimized with the Yoast SEO plugin v27.1.1 - https:\/\/yoast.com\/product\/yoast-seo-wordpress\/ -->\n<title>mentions l\u00e9gales - BARBOTINE CISELET sculptures d&#039;\u00e9motions TOULOUSE - FRANCE<\/title>\n<meta name=\"robots\" content=\"index, follow, max-snippet:-1, max-image-preview:large, max-video-preview:-1\" \/>\n<link rel=\"canonical\" href=\"http:\/\/www.barbotineciselet.fr\/en\/mentions-legales\/\" \/>\n<meta property=\"og:locale\" content=\"en_GB\" \/>\n<meta property=\"og:type\" content=\"article\" \/>\n<meta property=\"og:title\" content=\"mentions l\u00e9gales - BARBOTINE CISELET sculptures d&#039;\u00e9motions TOULOUSE - FRANCE\" \/>\n<meta property=\"og:description\" content=\"propri\u00e9taire et \u00e9diteurraymonde naves, responsable de la publicationsiret : 879 592 582 000 16responsable CNILraymonde naves22 rue des lilas 31500 TOULOUSE &#8211; Francet\u00e9l. : 06 60 59 41 13m\u00e9l : contact@ barbotineciselet.fr h\u00e9bergement du site : OVH 2 rue Kellermann &#8211; 59100 Roubaix &#8211; France\" \/>\n<meta property=\"og:url\" content=\"http:\/\/www.barbotineciselet.fr\/en\/mentions-legales\/\" \/>\n<meta property=\"og:site_name\" content=\"BARBOTINE CISELET sculptures d&#039;\u00e9motions TOULOUSE - FRANCE\" \/>\n<meta property=\"article:publisher\" content=\"https:\/\/www.facebook.com\/profile.php?id=100011430076168\" \/>\n<meta name=\"twitter:card\" content=\"summary_large_image\" \/>\n<script type=\"application\/ld+json\" class=\"yoast-schema-graph\">{\"@context\":\"https:\/\/schema.org\",\"@graph\":[{\"@type\":\"WebPage\",\"@id\":\"http:\/\/www.barbotineciselet.fr\/mentions-legales\/\",\"url\":\"http:\/\/www.barbotineciselet.fr\/mentions-legales\/\",\"name\":\"mentions l\u00e9gales - BARBOTINE CISELET sculptures d&#039;\u00e9motions TOULOUSE - FRANCE\",\"isPartOf\":{\"@id\":\"http:\/\/www.barbotineciselet.fr\/#website\"},\"datePublished\":\"2024-10-03T16:11:54+00:00\",\"breadcrumb\":{\"@id\":\"http:\/\/www.barbotineciselet.fr\/mentions-legales\/#breadcrumb\"},\"inLanguage\":\"en-GB\",\"potentialAction\":[{\"@type\":\"ReadAction\",\"target\":[\"http:\/\/www.barbotineciselet.fr\/mentions-legales\/\"]}]},{\"@type\":\"BreadcrumbList\",\"@id\":\"http:\/\/www.barbotineciselet.fr\/mentions-legales\/#breadcrumb\",\"itemListElement\":[{\"@type\":\"ListItem\",\"position\":1,\"name\":\"Accueil\",\"item\":\"http:\/\/www.barbotineciselet.fr\/\"},{\"@type\":\"ListItem\",\"position\":2,\"name\":\"mentions l\u00e9gales\"}]},{\"@type\":\"WebSite\",\"@id\":\"http:\/\/www.barbotineciselet.fr\/#website\",\"url\":\"http:\/\/www.barbotineciselet.fr\/\",\"name\":\"BARBOTINE CISELET sculptures d'\u00e9motions TOULOUSE - FRANCE\",\"description\":\"sculptures d&#039;\u00e9motions - terre - pi\u00e8ces uniques, toulouse, France\",\"publisher\":{\"@id\":\"http:\/\/www.barbotineciselet.fr\/#\/schema\/person\/a26f367135c23aa07ad9d2b11b9a810e\"},\"potentialAction\":[{\"@type\":\"SearchAction\",\"target\":{\"@type\":\"EntryPoint\",\"urlTemplate\":\"http:\/\/www.barbotineciselet.fr\/?s={search_term_string}\"},\"query-input\":{\"@type\":\"PropertyValueSpecification\",\"valueRequired\":true,\"valueName\":\"search_term_string\"}}],\"inLanguage\":\"en-GB\"},{\"@type\":[\"Person\",\"Organization\"],\"@id\":\"http:\/\/www.barbotineciselet.fr\/#\/schema\/person\/a26f367135c23aa07ad9d2b11b9a810e\",\"name\":\"barbotine ciselet\",\"image\":{\"@type\":\"ImageObject\",\"inLanguage\":\"en-GB\",\"@id\":\"http:\/\/www.barbotineciselet.fr\/#\/schema\/person\/image\/\",\"url\":\"http:\/\/www.barbotineciselet.fr\/wp-content\/uploads\/2026\/03\/LOGO_2026-scaled.jpg\",\"contentUrl\":\"http:\/\/www.barbotineciselet.fr\/wp-content\/uploads\/2026\/03\/LOGO_2026-scaled.jpg\",\"width\":2560,\"height\":623,\"caption\":\"barbotine ciselet\"},\"logo\":{\"@id\":\"http:\/\/www.barbotineciselet.fr\/#\/schema\/person\/image\/\"},\"sameAs\":[\"http:\/\/www.barbotineciselet.fr\",\"https:\/\/www.facebook.com\/profile.php?id=100011430076168\",\"https:\/\/www.instagram.com\/barbotineciselet_sculptures\/\"]}]}<\/script>\n<!-- \/ Yoast SEO plugin. -->","yoast_head_json":{"title":"mentions l\u00e9gales - BARBOTINE CISELET sculptures d&#039;\u00e9motions TOULOUSE - FRANCE","robots":{"index":"index","follow":"follow","max-snippet":"max-snippet:-1","max-image-preview":"max-image-preview:large","max-video-preview":"max-video-preview:-1"},"canonical":"http:\/\/www.barbotineciselet.fr\/en\/mentions-legales\/","og_locale":"en_GB","og_type":"article","og_title":"mentions l\u00e9gales - BARBOTINE CISELET sculptures d&#039;\u00e9motions TOULOUSE - FRANCE","og_description":"propri\u00e9taire et \u00e9diteurraymonde naves, responsable de la publicationsiret : 879 592 582 000 16responsable CNILraymonde naves22 rue des lilas 31500 TOULOUSE &#8211; Francet\u00e9l. : 06 60 59 41 13m\u00e9l : contact@ barbotineciselet.fr h\u00e9bergement du site : OVH 2 rue Kellermann &#8211; 59100 Roubaix &#8211; France","og_url":"http:\/\/www.barbotineciselet.fr\/en\/mentions-legales\/","og_site_name":"BARBOTINE CISELET sculptures d&#039;\u00e9motions TOULOUSE - FRANCE","article_publisher":"https:\/\/www.facebook.com\/profile.php?id=100011430076168","twitter_card":"summary_large_image","schema":{"@context":"https:\/\/schema.org","@graph":[{"@type":"WebPage","@id":"http:\/\/www.barbotineciselet.fr\/mentions-legales\/","url":"http:\/\/www.barbotineciselet.fr\/mentions-legales\/","name":"mentions l\u00e9gales - BARBOTINE CISELET sculptures d&#039;\u00e9motions TOULOUSE - FRANCE","isPartOf":{"@id":"http:\/\/www.barbotineciselet.fr\/#website"},"datePublished":"2024-10-03T16:11:54+00:00","breadcrumb":{"@id":"http:\/\/www.barbotineciselet.fr\/mentions-legales\/#breadcrumb"},"inLanguage":"en-GB","potentialAction":[{"@type":"ReadAction","target":["http:\/\/www.barbotineciselet.fr\/mentions-legales\/"]}]},{"@type":"BreadcrumbList","@id":"http:\/\/www.barbotineciselet.fr\/mentions-legales\/#breadcrumb","itemListElement":[{"@type":"ListItem","position":1,"name":"Accueil","item":"http:\/\/www.barbotineciselet.fr\/"},{"@type":"ListItem","position":2,"name":"mentions l\u00e9gales"}]},{"@type":"WebSite","@id":"http:\/\/www.barbotineciselet.fr\/#website","url":"http:\/\/www.barbotineciselet.fr\/","name":"BARBOTINE CISELET sculptures d'\u00e9motions TOULOUSE - FRANCE","description":"sculptures d&#039;\u00e9motions - terre - pi\u00e8ces uniques, toulouse, France","publisher":{"@id":"http:\/\/www.barbotineciselet.fr\/#\/schema\/person\/a26f367135c23aa07ad9d2b11b9a810e"},"potentialAction":[{"@type":"SearchAction","target":{"@type":"EntryPoint","urlTemplate":"http:\/\/www.barbotineciselet.fr\/?s={search_term_string}"},"query-input":{"@type":"PropertyValueSpecification","valueRequired":true,"valueName":"search_term_string"}}],"inLanguage":"en-GB"},{"@type":["Person","Organization"],"@id":"http:\/\/www.barbotineciselet.fr\/#\/schema\/person\/a26f367135c23aa07ad9d2b11b9a810e","name":"barbotine ciselet","image":{"@type":"ImageObject","inLanguage":"en-GB","@id":"http:\/\/www.barbotineciselet.fr\/#\/schema\/person\/image\/","url":"http:\/\/www.barbotineciselet.fr\/wp-content\/uploads\/2026\/03\/LOGO_2026-scaled.jpg","contentUrl":"http:\/\/www.barbotineciselet.fr\/wp-content\/uploads\/2026\/03\/LOGO_2026-scaled.jpg","width":2560,"height":623,"caption":"barbotine ciselet"},"logo":{"@id":"http:\/\/www.barbotineciselet.fr\/#\/schema\/person\/image\/"},"sameAs":["http:\/\/www.barbotineciselet.fr","https:\/\/www.facebook.com\/profile.php?id=100011430076168","https:\/\/www.instagram.com\/barbotineciselet_sculptures\/"]}]}},"_links":{"self":[{"href":"http:\/\/www.barbotineciselet.fr\/en\/wp-json\/wp\/v2\/pages\/287","targetHints":{"allow":["GET"]}}],"collection":[{"href":"http:\/\/www.barbotineciselet.fr\/en\/wp-json\/wp\/v2\/pages"}],"about":[{"href":"http:\/\/www.barbotineciselet.fr\/en\/wp-json\/wp\/v2\/types\/page"}],"author":[{"embeddable":true,"href":"http:\/\/www.barbotineciselet.fr\/en\/wp-json\/wp\/v2\/users\/1"}],"replies":[{"embeddable":true,"href":"http:\/\/www.barbotineciselet.fr\/en\/wp-json\/wp\/v2\/comments?post=287"}],"version-history":[{"count":1,"href":"http:\/\/www.barbotineciselet.fr\/en\/wp-json\/wp\/v2\/pages\/287\/revisions"}],"predecessor-version":[{"id":288,"href":"http:\/\/www.barbotineciselet.fr\/en\/wp-json\/wp\/v2\/pages\/287\/revisions\/288"}],"wp:attachment":[{"href":"http:\/\/www.barbotineciselet.fr\/en\/wp-json\/wp\/v2\/media?parent=287"}],"curies":[{"name":"wp","href":"https:\/\/api.w.org\/{rel}","templated":true}]}}