{"id":308,"date":"2024-10-04T11:11:32","date_gmt":"2024-10-04T09:11:32","guid":{"rendered":"http:\/\/www.barbotineciselet.fr\/mon-compte\/"},"modified":"2024-10-04T11:11:32","modified_gmt":"2024-10-04T09:11:32","slug":"mon-compte","status":"publish","type":"page","link":"http:\/\/www.barbotineciselet.fr\/en\/mon-compte\/","title":{"rendered":"Mon compte"},"content":{"rendered":"<div class=\"woocommerce\"><\/div>","protected":false},"excerpt":{"rendered":"","protected":false},"author":1,"featured_media":0,"parent":0,"menu_order":0,"comment_status":"closed","ping_status":"closed","template":"","meta":{"footnotes":""},"class_list":["post-308","page","type-page","status-publish","hentry"],"yoast_head":"<!-- This site is optimized with the Yoast SEO plugin v27.1.1 - https:\/\/yoast.com\/product\/yoast-seo-wordpress\/ -->\n<title>Mon compte - BARBOTINE CISELET sculptures d&#039;\u00e9motions TOULOUSE - FRANCE<\/title>\n<meta name=\"robots\" content=\"index, follow, max-snippet:-1, max-image-preview:large, max-video-preview:-1\" \/>\n<link rel=\"canonical\" href=\"https:\/\/www.barbotineciselet.fr\/en\/mon-compte\/\" \/>\n<meta property=\"og:locale\" content=\"en_GB\" \/>\n<meta property=\"og:type\" content=\"article\" \/>\n<meta property=\"og:title\" content=\"Mon compte - BARBOTINE CISELET sculptures d&#039;\u00e9motions TOULOUSE - FRANCE\" \/>\n<meta property=\"og:url\" content=\"https:\/\/www.barbotineciselet.fr\/en\/mon-compte\/\" \/>\n<meta property=\"og:site_name\" content=\"BARBOTINE CISELET sculptures d&#039;\u00e9motions TOULOUSE - FRANCE\" \/>\n<meta property=\"article:publisher\" content=\"https:\/\/www.facebook.com\/profile.php?id=100011430076168\" \/>\n<meta name=\"twitter:card\" content=\"summary_large_image\" \/>\n<script type=\"application\/ld+json\" class=\"yoast-schema-graph\">{\"@context\":\"https:\/\/schema.org\",\"@graph\":[{\"@type\":\"WebPage\",\"@id\":\"https:\/\/www.barbotineciselet.fr\/mon-compte\/\",\"url\":\"https:\/\/www.barbotineciselet.fr\/mon-compte\/\",\"name\":\"Mon compte - BARBOTINE CISELET sculptures d&#039;\u00e9motions TOULOUSE - FRANCE\",\"isPartOf\":{\"@id\":\"https:\/\/www.barbotineciselet.fr\/#website\"},\"datePublished\":\"2024-10-04T09:11:32+00:00\",\"breadcrumb\":{\"@id\":\"https:\/\/www.barbotineciselet.fr\/mon-compte\/#breadcrumb\"},\"inLanguage\":\"en-GB\",\"potentialAction\":[{\"@type\":\"ReadAction\",\"target\":[\"https:\/\/www.barbotineciselet.fr\/mon-compte\/\"]}]},{\"@type\":\"BreadcrumbList\",\"@id\":\"https:\/\/www.barbotineciselet.fr\/mon-compte\/#breadcrumb\",\"itemListElement\":[{\"@type\":\"ListItem\",\"position\":1,\"name\":\"Accueil\",\"item\":\"https:\/\/www.barbotineciselet.fr\/\"},{\"@type\":\"ListItem\",\"position\":2,\"name\":\"Mon compte\"}]},{\"@type\":\"WebSite\",\"@id\":\"https:\/\/www.barbotineciselet.fr\/#website\",\"url\":\"https:\/\/www.barbotineciselet.fr\/\",\"name\":\"BARBOTINE CISELET sculptures d'\u00e9motions TOULOUSE - FRANCE\",\"description\":\"sculptures d&#039;\u00e9motions - terre - pi\u00e8ces uniques, toulouse, France\",\"publisher\":{\"@id\":\"https:\/\/www.barbotineciselet.fr\/#\/schema\/person\/a26f367135c23aa07ad9d2b11b9a810e\"},\"potentialAction\":[{\"@type\":\"SearchAction\",\"target\":{\"@type\":\"EntryPoint\",\"urlTemplate\":\"https:\/\/www.barbotineciselet.fr\/?s={search_term_string}\"},\"query-input\":{\"@type\":\"PropertyValueSpecification\",\"valueRequired\":true,\"valueName\":\"search_term_string\"}}],\"inLanguage\":\"en-GB\"},{\"@type\":[\"Person\",\"Organization\"],\"@id\":\"https:\/\/www.barbotineciselet.fr\/#\/schema\/person\/a26f367135c23aa07ad9d2b11b9a810e\",\"name\":\"barbotine ciselet\",\"image\":{\"@type\":\"ImageObject\",\"inLanguage\":\"en-GB\",\"@id\":\"https:\/\/www.barbotineciselet.fr\/#\/schema\/person\/image\/\",\"url\":\"http:\/\/www.barbotineciselet.fr\/wp-content\/uploads\/2026\/03\/LOGO_2026-scaled.jpg\",\"contentUrl\":\"http:\/\/www.barbotineciselet.fr\/wp-content\/uploads\/2026\/03\/LOGO_2026-scaled.jpg\",\"width\":2560,\"height\":623,\"caption\":\"barbotine ciselet\"},\"logo\":{\"@id\":\"https:\/\/www.barbotineciselet.fr\/#\/schema\/person\/image\/\"},\"sameAs\":[\"http:\/\/www.barbotineciselet.fr\",\"https:\/\/www.facebook.com\/profile.php?id=100011430076168\",\"https:\/\/www.instagram.com\/barbotineciselet_sculptures\/\"]}]}<\/script>\n<!-- \/ Yoast SEO plugin. -->","yoast_head_json":{"title":"Mon compte - BARBOTINE CISELET sculptures d&#039;\u00e9motions TOULOUSE - FRANCE","robots":{"index":"index","follow":"follow","max-snippet":"max-snippet:-1","max-image-preview":"max-image-preview:large","max-video-preview":"max-video-preview:-1"},"canonical":"https:\/\/www.barbotineciselet.fr\/en\/mon-compte\/","og_locale":"en_GB","og_type":"article","og_title":"Mon compte - BARBOTINE CISELET sculptures d&#039;\u00e9motions TOULOUSE - FRANCE","og_url":"https:\/\/www.barbotineciselet.fr\/en\/mon-compte\/","og_site_name":"BARBOTINE CISELET sculptures d&#039;\u00e9motions TOULOUSE - FRANCE","article_publisher":"https:\/\/www.facebook.com\/profile.php?id=100011430076168","twitter_card":"summary_large_image","schema":{"@context":"https:\/\/schema.org","@graph":[{"@type":"WebPage","@id":"https:\/\/www.barbotineciselet.fr\/mon-compte\/","url":"https:\/\/www.barbotineciselet.fr\/mon-compte\/","name":"Mon compte - BARBOTINE CISELET sculptures d&#039;\u00e9motions TOULOUSE - FRANCE","isPartOf":{"@id":"https:\/\/www.barbotineciselet.fr\/#website"},"datePublished":"2024-10-04T09:11:32+00:00","breadcrumb":{"@id":"https:\/\/www.barbotineciselet.fr\/mon-compte\/#breadcrumb"},"inLanguage":"en-GB","potentialAction":[{"@type":"ReadAction","target":["https:\/\/www.barbotineciselet.fr\/mon-compte\/"]}]},{"@type":"BreadcrumbList","@id":"https:\/\/www.barbotineciselet.fr\/mon-compte\/#breadcrumb","itemListElement":[{"@type":"ListItem","position":1,"name":"Accueil","item":"https:\/\/www.barbotineciselet.fr\/"},{"@type":"ListItem","position":2,"name":"Mon compte"}]},{"@type":"WebSite","@id":"https:\/\/www.barbotineciselet.fr\/#website","url":"https:\/\/www.barbotineciselet.fr\/","name":"BARBOTINE CISELET sculptures d'\u00e9motions TOULOUSE - FRANCE","description":"sculptures d&#039;\u00e9motions - terre - pi\u00e8ces uniques, toulouse, France","publisher":{"@id":"https:\/\/www.barbotineciselet.fr\/#\/schema\/person\/a26f367135c23aa07ad9d2b11b9a810e"},"potentialAction":[{"@type":"SearchAction","target":{"@type":"EntryPoint","urlTemplate":"https:\/\/www.barbotineciselet.fr\/?s={search_term_string}"},"query-input":{"@type":"PropertyValueSpecification","valueRequired":true,"valueName":"search_term_string"}}],"inLanguage":"en-GB"},{"@type":["Person","Organization"],"@id":"https:\/\/www.barbotineciselet.fr\/#\/schema\/person\/a26f367135c23aa07ad9d2b11b9a810e","name":"barbotine ciselet","image":{"@type":"ImageObject","inLanguage":"en-GB","@id":"https:\/\/www.barbotineciselet.fr\/#\/schema\/person\/image\/","url":"http:\/\/www.barbotineciselet.fr\/wp-content\/uploads\/2026\/03\/LOGO_2026-scaled.jpg","contentUrl":"http:\/\/www.barbotineciselet.fr\/wp-content\/uploads\/2026\/03\/LOGO_2026-scaled.jpg","width":2560,"height":623,"caption":"barbotine ciselet"},"logo":{"@id":"https:\/\/www.barbotineciselet.fr\/#\/schema\/person\/image\/"},"sameAs":["http:\/\/www.barbotineciselet.fr","https:\/\/www.facebook.com\/profile.php?id=100011430076168","https:\/\/www.instagram.com\/barbotineciselet_sculptures\/"]}]}},"_links":{"self":[{"href":"http:\/\/www.barbotineciselet.fr\/en\/wp-json\/wp\/v2\/pages\/308","targetHints":{"allow":["GET"]}}],"collection":[{"href":"http:\/\/www.barbotineciselet.fr\/en\/wp-json\/wp\/v2\/pages"}],"about":[{"href":"http:\/\/www.barbotineciselet.fr\/en\/wp-json\/wp\/v2\/types\/page"}],"author":[{"embeddable":true,"href":"http:\/\/www.barbotineciselet.fr\/en\/wp-json\/wp\/v2\/users\/1"}],"replies":[{"embeddable":true,"href":"http:\/\/www.barbotineciselet.fr\/en\/wp-json\/wp\/v2\/comments?post=308"}],"version-history":[{"count":0,"href":"http:\/\/www.barbotineciselet.fr\/en\/wp-json\/wp\/v2\/pages\/308\/revisions"}],"wp:attachment":[{"href":"http:\/\/www.barbotineciselet.fr\/en\/wp-json\/wp\/v2\/media?parent=308"}],"curies":[{"name":"wp","href":"https:\/\/api.w.org\/{rel}","templated":true}]}}