{"id":349,"date":"2024-10-04T17:20:54","date_gmt":"2024-10-04T15:20:54","guid":{"rendered":"http:\/\/www.barbotineciselet.fr\/?page_id=349"},"modified":"2024-10-04T17:20:54","modified_gmt":"2024-10-04T15:20:54","slug":"confidentialite-2","status":"publish","type":"page","link":"http:\/\/www.barbotineciselet.fr\/en\/confidentialite-2\/","title":{"rendered":"confidentiality"},"content":{"rendered":"<p>Cette politique de confidentialit\u00e9 d\u00e9finit la mani\u00e8re dont Barbotine Ciselet Sculptures collecte, utilise prot\u00e8ge et partage les informations collect\u00e9es aupr\u00e8s de ses utilisateurs<\/p>\n\n\n\n<p>Nous pouvons collecter diff\u00e9rentes informations vous concernant lorsque vous visitez notre site notamment :<br>&#8211; les informations que vous fournissez volontairement en remplissant des formulaires de contact ou d&rsquo;inscription sur notre site<br>&#8211; les informations recueillies automatiquement lorsque vous naviguez sur notre site, telles que votre adresse IP, le type de navigateur que vous utilisez, les pages que vous consultez et les actions que vous effectuez.<\/p>\n\n\n\n<p>Nous utilisons ces informations pour r\u00e9pondre \u00e0 vos demandes de renseignements ou de services ; personnaliser votre exp\u00e9rience utilisateur et am\u00e9liorer notre site ; vous envoyer des communications marketing que vous avez accept\u00e9 de recevoir.<br><br>La s\u00e9curit\u00e9 de vos donn\u00e9es personnelles est notre priorit\u00e9. Nous mettons en oeuvre des mesures techniques et organisationnelles appropri\u00e9es pour prot\u00e9ger vos informations contre tout acc\u00e8s non autoris\u00e9, alt\u00e9ration, divulgation ou destruction<\/p>\n\n\n\n<p>Nous ne vendons, n&rsquo;\u00e9changeons, ni ne louons vos informations personnelles \u00e0 des tiers sans votre consentement, sauf dans les cas suivants : pour se confirmer \u00e0 la loi ou r\u00e9pondre \u00e0 une demande l\u00e9gale ; pour prot\u00e9ger nos droits, notre propri\u00e9t\u00e9 ou notre s\u00e9curit\u00e9, ainsi que ceux de nos utilisateurs.<\/p>\n\n\n\n<p>Nous utilisons des cookies pour am\u00e9liorer votre exp\u00e9rience sur notre site. En naviguant sur notre site, vous consentez \u00e0 l&rsquo;utilisation de cookies conform\u00e9ment \u00e0 notre politique sur les cookies. Vous pouvez modifier vos pr\u00e9f\u00e9rences en mati\u00e8re de cookies dans les param\u00e8tres de votre navigateur.<\/p>\n\n\n\n<p>Nous conservons vos informations personnelles aussi longtemps que n\u00e9cessaire pour rempir les finalit\u00e9s pour lesquelles elles ont \u00e9t\u00e9 collect\u00e9es ou conform\u00e9ment \u00e0 nos obligations l\u00e9gales.<\/p>\n\n\n\n<p>Vous avez le droit d&rsquo;acc\u00e9der \u00e0 vos informations personnelles, de les corriger, de ls supprimer ou de limiter leur traitement. Pour exercer ces droits, veuillez nous contacter \u00e0 contact@barbotineciselet.fr <\/p>\n\n\n\n<p>Nous vous r\u00e9servons le droit de modifier cette politique de confidentialit\u00e9 \u00e0 tout moment. Les modifications seront publi\u00e9es sur cette page avec la date de r\u00e9vision mise \u00e0 jour.<\/p>","protected":false},"excerpt":{"rendered":"<p>Cette politique de confidentialit\u00e9 d\u00e9finit la mani\u00e8re dont Barbotine Ciselet Sculptures collecte, utilise prot\u00e8ge et partage les informations collect\u00e9es aupr\u00e8s de ses utilisateurs Nous pouvons collecter diff\u00e9rentes informations vous concernant lorsque vous visitez notre site notamment :&#8211; les informations que vous fournissez volontairement en remplissant des formulaires de contact ou d&rsquo;inscription sur notre site&#8211; les [&hellip;]<\/p>\n","protected":false},"author":1,"featured_media":0,"parent":0,"menu_order":0,"comment_status":"closed","ping_status":"closed","template":"","meta":{"footnotes":""},"class_list":["post-349","page","type-page","status-publish","hentry"],"yoast_head":"<!-- This site is optimized with the Yoast SEO plugin v27.1.1 - https:\/\/yoast.com\/product\/yoast-seo-wordpress\/ -->\n<title>confidentialit\u00e9 - BARBOTINE CISELET sculptures d&#039;\u00e9motions TOULOUSE - FRANCE<\/title>\n<meta name=\"robots\" content=\"index, follow, max-snippet:-1, max-image-preview:large, max-video-preview:-1\" \/>\n<link rel=\"canonical\" href=\"http:\/\/www.barbotineciselet.fr\/en\/confidentialite-2\/\" \/>\n<meta property=\"og:locale\" content=\"en_GB\" \/>\n<meta property=\"og:type\" content=\"article\" \/>\n<meta property=\"og:title\" content=\"confidentialit\u00e9 - BARBOTINE CISELET sculptures d&#039;\u00e9motions TOULOUSE - FRANCE\" \/>\n<meta property=\"og:description\" content=\"Cette politique de confidentialit\u00e9 d\u00e9finit la mani\u00e8re dont Barbotine Ciselet Sculptures collecte, utilise prot\u00e8ge et partage les informations collect\u00e9es aupr\u00e8s de ses utilisateurs Nous pouvons collecter diff\u00e9rentes informations vous concernant lorsque vous visitez notre site notamment :&#8211; les informations que vous fournissez volontairement en remplissant des formulaires de contact ou d&rsquo;inscription sur notre site&#8211; les [&hellip;]\" \/>\n<meta property=\"og:url\" content=\"http:\/\/www.barbotineciselet.fr\/en\/confidentialite-2\/\" \/>\n<meta property=\"og:site_name\" content=\"BARBOTINE CISELET sculptures d&#039;\u00e9motions TOULOUSE - FRANCE\" \/>\n<meta property=\"article:publisher\" content=\"https:\/\/www.facebook.com\/profile.php?id=100011430076168\" \/>\n<meta name=\"twitter:card\" content=\"summary_large_image\" \/>\n<meta name=\"twitter:label1\" content=\"Estimated reading time\" \/>\n\t<meta name=\"twitter:data1\" content=\"2 minutes\" \/>\n<script type=\"application\/ld+json\" class=\"yoast-schema-graph\">{\"@context\":\"https:\/\/schema.org\",\"@graph\":[{\"@type\":\"WebPage\",\"@id\":\"http:\/\/www.barbotineciselet.fr\/confidentialite-2\/\",\"url\":\"http:\/\/www.barbotineciselet.fr\/confidentialite-2\/\",\"name\":\"confidentialit\u00e9 - BARBOTINE CISELET sculptures d&#039;\u00e9motions TOULOUSE - FRANCE\",\"isPartOf\":{\"@id\":\"http:\/\/www.barbotineciselet.fr\/#website\"},\"datePublished\":\"2024-10-04T15:20:54+00:00\",\"breadcrumb\":{\"@id\":\"http:\/\/www.barbotineciselet.fr\/confidentialite-2\/#breadcrumb\"},\"inLanguage\":\"en-GB\",\"potentialAction\":[{\"@type\":\"ReadAction\",\"target\":[\"http:\/\/www.barbotineciselet.fr\/confidentialite-2\/\"]}]},{\"@type\":\"BreadcrumbList\",\"@id\":\"http:\/\/www.barbotineciselet.fr\/confidentialite-2\/#breadcrumb\",\"itemListElement\":[{\"@type\":\"ListItem\",\"position\":1,\"name\":\"Accueil\",\"item\":\"http:\/\/www.barbotineciselet.fr\/\"},{\"@type\":\"ListItem\",\"position\":2,\"name\":\"confidentialit\u00e9\"}]},{\"@type\":\"WebSite\",\"@id\":\"http:\/\/www.barbotineciselet.fr\/#website\",\"url\":\"http:\/\/www.barbotineciselet.fr\/\",\"name\":\"BARBOTINE CISELET sculptures d'\u00e9motions TOULOUSE - FRANCE\",\"description\":\"sculptures d&#039;\u00e9motions - terre - pi\u00e8ces uniques, toulouse, France\",\"publisher\":{\"@id\":\"http:\/\/www.barbotineciselet.fr\/#\/schema\/person\/a26f367135c23aa07ad9d2b11b9a810e\"},\"potentialAction\":[{\"@type\":\"SearchAction\",\"target\":{\"@type\":\"EntryPoint\",\"urlTemplate\":\"http:\/\/www.barbotineciselet.fr\/?s={search_term_string}\"},\"query-input\":{\"@type\":\"PropertyValueSpecification\",\"valueRequired\":true,\"valueName\":\"search_term_string\"}}],\"inLanguage\":\"en-GB\"},{\"@type\":[\"Person\",\"Organization\"],\"@id\":\"http:\/\/www.barbotineciselet.fr\/#\/schema\/person\/a26f367135c23aa07ad9d2b11b9a810e\",\"name\":\"barbotine ciselet\",\"image\":{\"@type\":\"ImageObject\",\"inLanguage\":\"en-GB\",\"@id\":\"http:\/\/www.barbotineciselet.fr\/#\/schema\/person\/image\/\",\"url\":\"http:\/\/www.barbotineciselet.fr\/wp-content\/uploads\/2026\/03\/LOGO_2026-scaled.jpg\",\"contentUrl\":\"http:\/\/www.barbotineciselet.fr\/wp-content\/uploads\/2026\/03\/LOGO_2026-scaled.jpg\",\"width\":2560,\"height\":623,\"caption\":\"barbotine ciselet\"},\"logo\":{\"@id\":\"http:\/\/www.barbotineciselet.fr\/#\/schema\/person\/image\/\"},\"sameAs\":[\"http:\/\/www.barbotineciselet.fr\",\"https:\/\/www.facebook.com\/profile.php?id=100011430076168\",\"https:\/\/www.instagram.com\/barbotineciselet_sculptures\/\"]}]}<\/script>\n<!-- \/ Yoast SEO plugin. -->","yoast_head_json":{"title":"confidentialit\u00e9 - BARBOTINE CISELET sculptures d&#039;\u00e9motions TOULOUSE - FRANCE","robots":{"index":"index","follow":"follow","max-snippet":"max-snippet:-1","max-image-preview":"max-image-preview:large","max-video-preview":"max-video-preview:-1"},"canonical":"http:\/\/www.barbotineciselet.fr\/en\/confidentialite-2\/","og_locale":"en_GB","og_type":"article","og_title":"confidentialit\u00e9 - BARBOTINE CISELET sculptures d&#039;\u00e9motions TOULOUSE - FRANCE","og_description":"Cette politique de confidentialit\u00e9 d\u00e9finit la mani\u00e8re dont Barbotine Ciselet Sculptures collecte, utilise prot\u00e8ge et partage les informations collect\u00e9es aupr\u00e8s de ses utilisateurs Nous pouvons collecter diff\u00e9rentes informations vous concernant lorsque vous visitez notre site notamment :&#8211; les informations que vous fournissez volontairement en remplissant des formulaires de contact ou d&rsquo;inscription sur notre site&#8211; les [&hellip;]","og_url":"http:\/\/www.barbotineciselet.fr\/en\/confidentialite-2\/","og_site_name":"BARBOTINE CISELET sculptures d&#039;\u00e9motions TOULOUSE - FRANCE","article_publisher":"https:\/\/www.facebook.com\/profile.php?id=100011430076168","twitter_card":"summary_large_image","twitter_misc":{"Estimated reading time":"2 minutes"},"schema":{"@context":"https:\/\/schema.org","@graph":[{"@type":"WebPage","@id":"http:\/\/www.barbotineciselet.fr\/confidentialite-2\/","url":"http:\/\/www.barbotineciselet.fr\/confidentialite-2\/","name":"confidentialit\u00e9 - BARBOTINE CISELET sculptures d&#039;\u00e9motions TOULOUSE - FRANCE","isPartOf":{"@id":"http:\/\/www.barbotineciselet.fr\/#website"},"datePublished":"2024-10-04T15:20:54+00:00","breadcrumb":{"@id":"http:\/\/www.barbotineciselet.fr\/confidentialite-2\/#breadcrumb"},"inLanguage":"en-GB","potentialAction":[{"@type":"ReadAction","target":["http:\/\/www.barbotineciselet.fr\/confidentialite-2\/"]}]},{"@type":"BreadcrumbList","@id":"http:\/\/www.barbotineciselet.fr\/confidentialite-2\/#breadcrumb","itemListElement":[{"@type":"ListItem","position":1,"name":"Accueil","item":"http:\/\/www.barbotineciselet.fr\/"},{"@type":"ListItem","position":2,"name":"confidentialit\u00e9"}]},{"@type":"WebSite","@id":"http:\/\/www.barbotineciselet.fr\/#website","url":"http:\/\/www.barbotineciselet.fr\/","name":"BARBOTINE CISELET sculptures d'\u00e9motions TOULOUSE - FRANCE","description":"sculptures d&#039;\u00e9motions - terre - pi\u00e8ces uniques, toulouse, France","publisher":{"@id":"http:\/\/www.barbotineciselet.fr\/#\/schema\/person\/a26f367135c23aa07ad9d2b11b9a810e"},"potentialAction":[{"@type":"SearchAction","target":{"@type":"EntryPoint","urlTemplate":"http:\/\/www.barbotineciselet.fr\/?s={search_term_string}"},"query-input":{"@type":"PropertyValueSpecification","valueRequired":true,"valueName":"search_term_string"}}],"inLanguage":"en-GB"},{"@type":["Person","Organization"],"@id":"http:\/\/www.barbotineciselet.fr\/#\/schema\/person\/a26f367135c23aa07ad9d2b11b9a810e","name":"barbotine ciselet","image":{"@type":"ImageObject","inLanguage":"en-GB","@id":"http:\/\/www.barbotineciselet.fr\/#\/schema\/person\/image\/","url":"http:\/\/www.barbotineciselet.fr\/wp-content\/uploads\/2026\/03\/LOGO_2026-scaled.jpg","contentUrl":"http:\/\/www.barbotineciselet.fr\/wp-content\/uploads\/2026\/03\/LOGO_2026-scaled.jpg","width":2560,"height":623,"caption":"barbotine ciselet"},"logo":{"@id":"http:\/\/www.barbotineciselet.fr\/#\/schema\/person\/image\/"},"sameAs":["http:\/\/www.barbotineciselet.fr","https:\/\/www.facebook.com\/profile.php?id=100011430076168","https:\/\/www.instagram.com\/barbotineciselet_sculptures\/"]}]}},"_links":{"self":[{"href":"http:\/\/www.barbotineciselet.fr\/en\/wp-json\/wp\/v2\/pages\/349","targetHints":{"allow":["GET"]}}],"collection":[{"href":"http:\/\/www.barbotineciselet.fr\/en\/wp-json\/wp\/v2\/pages"}],"about":[{"href":"http:\/\/www.barbotineciselet.fr\/en\/wp-json\/wp\/v2\/types\/page"}],"author":[{"embeddable":true,"href":"http:\/\/www.barbotineciselet.fr\/en\/wp-json\/wp\/v2\/users\/1"}],"replies":[{"embeddable":true,"href":"http:\/\/www.barbotineciselet.fr\/en\/wp-json\/wp\/v2\/comments?post=349"}],"version-history":[{"count":1,"href":"http:\/\/www.barbotineciselet.fr\/en\/wp-json\/wp\/v2\/pages\/349\/revisions"}],"predecessor-version":[{"id":350,"href":"http:\/\/www.barbotineciselet.fr\/en\/wp-json\/wp\/v2\/pages\/349\/revisions\/350"}],"wp:attachment":[{"href":"http:\/\/www.barbotineciselet.fr\/en\/wp-json\/wp\/v2\/media?parent=349"}],"curies":[{"name":"wp","href":"https:\/\/api.w.org\/{rel}","templated":true}]}}