{"id":589,"date":"2026-03-15T19:45:19","date_gmt":"2026-03-15T18:45:19","guid":{"rendered":"https:\/\/www.barbotineciselet.fr\/?page_id=589"},"modified":"2026-04-26T16:08:15","modified_gmt":"2026-04-26T14:08:15","slug":"dans-latelier","status":"publish","type":"page","link":"http:\/\/www.barbotineciselet.fr\/en\/dans-latelier\/","title":{"rendered":"in the studio"},"content":{"rendered":"<p class=\"has-accent-4-color has-text-color has-link-color wp-elements-545f1b1e72dae4ee94513e5233f794c7\" style=\"font-size:clamp(0.875rem, 0.875rem + ((1vw - 0.2rem) * 0.275), 1.04rem);\"><strong>how Valentina, Balthazar and the others were born <\/strong><\/p>\n\n\n\n<figure class=\"wp-block-image size-full\"><img loading=\"lazy\" decoding=\"async\" width=\"639\" height=\"367\" src=\"http:\/\/www.barbotineciselet.fr\/wp-content\/uploads\/2026\/03\/DERNIERE.jpg\" alt=\"\" class=\"wp-image-597\" srcset=\"http:\/\/www.barbotineciselet.fr\/wp-content\/uploads\/2026\/03\/DERNIERE.jpg 639w, http:\/\/www.barbotineciselet.fr\/wp-content\/uploads\/2026\/03\/DERNIERE-300x172.jpg 300w, http:\/\/www.barbotineciselet.fr\/wp-content\/uploads\/2026\/03\/DERNIERE-18x10.jpg 18w, http:\/\/www.barbotineciselet.fr\/wp-content\/uploads\/2026\/03\/DERNIERE-600x345.jpg 600w\" sizes=\"auto, (max-width: 639px) 100vw, 639px\" \/><\/figure>\n\n\n\n<p class=\"has-text-align-left has-small-font-size\">With the \u201cordinary presences\u201d collection,<br>is born in my personal studio<br>22 rue des Lilas in Toulouse - France<br><br>A stool, a table, a lamp <br>That's all<\/p>\n\n\n\n<p class=\"has-text-align-left has-small-font-size\">I don't have a kiln : it's a choice <br>I use a shared kiln in a simple and collaborative approach<br><br>Il work with few tools, intentionally :<br>a smooth-bladed knife for sculpting, <br>carving tools for hollowing out the pieces, <br>brushes for applying color.<br><br>For the clay, I choose a grogged stoneware<br>for its texture<br>for the raw look it reveals<\/p>\n\n\n\n<p class=\"has-text-align-left has-small-font-size\">the colors come to life thanks to the engobes for their soft matte finish<br>and for the freedom they offer ; the freedom to create unique, custom shades.<\/p>\n\n\n\n<p class=\"has-text-align-left has-small-font-size\">the tools are there to guide you<br>it is the hands and the mind that shape everything.<br><br><\/p>\n\n\n\n<p><\/p>\n\n\n\n<p><\/p>\n\n\n\n<p><\/p>","protected":false},"excerpt":{"rendered":"<p>comment naissent Valentina, Balthazar et les autres La collection \u00ab\u00a0Pr\u00e9sences ordinaires\u00a0\u00bbna\u00eet dans mon atelier personnelau 22 rue des Lilas \u00e0 Toulouse en France. Un tabouret, une table, une lampe. C&rsquo;est tout. Je n&rsquo;ai pas de four : c&rsquo;est un choix. J&rsquo;utilise un four collectif dans une d\u00e9marche simple et partag\u00e9e. Je travaille avec peu d&rsquo;outils, [&hellip;]<\/p>\n","protected":false},"author":1,"featured_media":0,"parent":0,"menu_order":0,"comment_status":"closed","ping_status":"closed","template":"","meta":{"footnotes":""},"class_list":["post-589","page","type-page","status-publish","hentry"],"yoast_head":"<!-- This site is optimized with the Yoast SEO plugin v27.1.1 - https:\/\/yoast.com\/product\/yoast-seo-wordpress\/ -->\n<title>dans l&#039;atelier - BARBOTINE CISELET sculptures d&#039;\u00e9motions TOULOUSE - FRANCE<\/title>\n<meta name=\"description\" content=\"sculpture figuratives unique gr\u00e8s chamott\u00e9, fait main Toulouse France. unique ceramic sculptures, hand made Toulouse France\" \/>\n<meta name=\"robots\" content=\"index, follow, max-snippet:-1, max-image-preview:large, max-video-preview:-1\" \/>\n<link rel=\"canonical\" href=\"https:\/\/www.barbotineciselet.fr\/en\/dans-latelier\/\" \/>\n<meta property=\"og:locale\" content=\"en_GB\" \/>\n<meta property=\"og:type\" content=\"article\" \/>\n<meta property=\"og:title\" content=\"dans l&#039;atelier - BARBOTINE CISELET sculptures d&#039;\u00e9motions TOULOUSE - FRANCE\" \/>\n<meta property=\"og:description\" content=\"sculpture figuratives unique gr\u00e8s chamott\u00e9, fait main Toulouse France. unique ceramic sculptures, hand made Toulouse France\" \/>\n<meta property=\"og:url\" content=\"https:\/\/www.barbotineciselet.fr\/en\/dans-latelier\/\" \/>\n<meta property=\"og:site_name\" content=\"BARBOTINE CISELET sculptures d&#039;\u00e9motions TOULOUSE - FRANCE\" \/>\n<meta property=\"article:publisher\" content=\"https:\/\/www.facebook.com\/profile.php?id=100011430076168\" \/>\n<meta property=\"article:modified_time\" content=\"2026-04-26T14:08:15+00:00\" \/>\n<meta property=\"og:image\" content=\"http:\/\/www.barbotineciselet.fr\/wp-content\/uploads\/2026\/03\/DERNIERE.jpg\" \/>\n<meta name=\"twitter:card\" content=\"summary_large_image\" \/>\n<meta name=\"twitter:label1\" content=\"Estimated reading time\" \/>\n\t<meta name=\"twitter:data1\" content=\"1 minute\" \/>\n<script type=\"application\/ld+json\" class=\"yoast-schema-graph\">{\"@context\":\"https:\/\/schema.org\",\"@graph\":[{\"@type\":\"WebPage\",\"@id\":\"https:\/\/www.barbotineciselet.fr\/dans-latelier\/\",\"url\":\"https:\/\/www.barbotineciselet.fr\/dans-latelier\/\",\"name\":\"dans l'atelier - BARBOTINE CISELET sculptures d&#039;\u00e9motions TOULOUSE - FRANCE\",\"isPartOf\":{\"@id\":\"http:\/\/www.barbotineciselet.fr\/#website\"},\"primaryImageOfPage\":{\"@id\":\"https:\/\/www.barbotineciselet.fr\/dans-latelier\/#primaryimage\"},\"image\":{\"@id\":\"https:\/\/www.barbotineciselet.fr\/dans-latelier\/#primaryimage\"},\"thumbnailUrl\":\"http:\/\/www.barbotineciselet.fr\/wp-content\/uploads\/2026\/03\/DERNIERE.jpg\",\"datePublished\":\"2026-03-15T18:45:19+00:00\",\"dateModified\":\"2026-04-26T14:08:15+00:00\",\"description\":\"sculpture figuratives unique gr\u00e8s chamott\u00e9, fait main Toulouse France. unique ceramic sculptures, hand made Toulouse France\",\"breadcrumb\":{\"@id\":\"https:\/\/www.barbotineciselet.fr\/dans-latelier\/#breadcrumb\"},\"inLanguage\":\"en-GB\",\"potentialAction\":[{\"@type\":\"ReadAction\",\"target\":[\"https:\/\/www.barbotineciselet.fr\/dans-latelier\/\"]}]},{\"@type\":\"ImageObject\",\"inLanguage\":\"en-GB\",\"@id\":\"https:\/\/www.barbotineciselet.fr\/dans-latelier\/#primaryimage\",\"url\":\"http:\/\/www.barbotineciselet.fr\/wp-content\/uploads\/2026\/03\/DERNIERE.jpg\",\"contentUrl\":\"http:\/\/www.barbotineciselet.fr\/wp-content\/uploads\/2026\/03\/DERNIERE.jpg\"},{\"@type\":\"BreadcrumbList\",\"@id\":\"https:\/\/www.barbotineciselet.fr\/dans-latelier\/#breadcrumb\",\"itemListElement\":[{\"@type\":\"ListItem\",\"position\":1,\"name\":\"Accueil\",\"item\":\"http:\/\/www.barbotineciselet.fr\/\"},{\"@type\":\"ListItem\",\"position\":2,\"name\":\"dans l&rsquo;atelier\"}]},{\"@type\":\"WebSite\",\"@id\":\"http:\/\/www.barbotineciselet.fr\/#website\",\"url\":\"http:\/\/www.barbotineciselet.fr\/\",\"name\":\"BARBOTINE CISELET sculptures d'\u00e9motions TOULOUSE - FRANCE\",\"description\":\"sculptures d&#039;\u00e9motions - terre - pi\u00e8ces uniques, toulouse, France\",\"publisher\":{\"@id\":\"http:\/\/www.barbotineciselet.fr\/#\/schema\/person\/a26f367135c23aa07ad9d2b11b9a810e\"},\"potentialAction\":[{\"@type\":\"SearchAction\",\"target\":{\"@type\":\"EntryPoint\",\"urlTemplate\":\"http:\/\/www.barbotineciselet.fr\/?s={search_term_string}\"},\"query-input\":{\"@type\":\"PropertyValueSpecification\",\"valueRequired\":true,\"valueName\":\"search_term_string\"}}],\"inLanguage\":\"en-GB\"},{\"@type\":[\"Person\",\"Organization\"],\"@id\":\"http:\/\/www.barbotineciselet.fr\/#\/schema\/person\/a26f367135c23aa07ad9d2b11b9a810e\",\"name\":\"barbotine ciselet\",\"image\":{\"@type\":\"ImageObject\",\"inLanguage\":\"en-GB\",\"@id\":\"http:\/\/www.barbotineciselet.fr\/#\/schema\/person\/image\/\",\"url\":\"http:\/\/www.barbotineciselet.fr\/wp-content\/uploads\/2026\/03\/LOGO_2026-scaled.jpg\",\"contentUrl\":\"http:\/\/www.barbotineciselet.fr\/wp-content\/uploads\/2026\/03\/LOGO_2026-scaled.jpg\",\"width\":2560,\"height\":623,\"caption\":\"barbotine ciselet\"},\"logo\":{\"@id\":\"http:\/\/www.barbotineciselet.fr\/#\/schema\/person\/image\/\"},\"sameAs\":[\"http:\/\/www.barbotineciselet.fr\",\"https:\/\/www.facebook.com\/profile.php?id=100011430076168\",\"https:\/\/www.instagram.com\/barbotineciselet_sculptures\/\"]}]}<\/script>\n<!-- \/ Yoast SEO plugin. -->","yoast_head_json":{"title":"dans l'atelier - BARBOTINE CISELET sculptures d&#039;\u00e9motions TOULOUSE - FRANCE","description":"sculpture figuratives unique gr\u00e8s chamott\u00e9, fait main Toulouse France. unique ceramic sculptures, hand made Toulouse France","robots":{"index":"index","follow":"follow","max-snippet":"max-snippet:-1","max-image-preview":"max-image-preview:large","max-video-preview":"max-video-preview:-1"},"canonical":"https:\/\/www.barbotineciselet.fr\/en\/dans-latelier\/","og_locale":"en_GB","og_type":"article","og_title":"dans l'atelier - BARBOTINE CISELET sculptures d&#039;\u00e9motions TOULOUSE - FRANCE","og_description":"sculpture figuratives unique gr\u00e8s chamott\u00e9, fait main Toulouse France. unique ceramic sculptures, hand made Toulouse France","og_url":"https:\/\/www.barbotineciselet.fr\/en\/dans-latelier\/","og_site_name":"BARBOTINE CISELET sculptures d&#039;\u00e9motions TOULOUSE - FRANCE","article_publisher":"https:\/\/www.facebook.com\/profile.php?id=100011430076168","article_modified_time":"2026-04-26T14:08:15+00:00","og_image":[{"url":"http:\/\/www.barbotineciselet.fr\/wp-content\/uploads\/2026\/03\/DERNIERE.jpg","type":"","width":"","height":""}],"twitter_card":"summary_large_image","twitter_misc":{"Estimated reading time":"1 minute"},"schema":{"@context":"https:\/\/schema.org","@graph":[{"@type":"WebPage","@id":"https:\/\/www.barbotineciselet.fr\/dans-latelier\/","url":"https:\/\/www.barbotineciselet.fr\/dans-latelier\/","name":"dans l'atelier - BARBOTINE CISELET sculptures d&#039;\u00e9motions TOULOUSE - FRANCE","isPartOf":{"@id":"http:\/\/www.barbotineciselet.fr\/#website"},"primaryImageOfPage":{"@id":"https:\/\/www.barbotineciselet.fr\/dans-latelier\/#primaryimage"},"image":{"@id":"https:\/\/www.barbotineciselet.fr\/dans-latelier\/#primaryimage"},"thumbnailUrl":"http:\/\/www.barbotineciselet.fr\/wp-content\/uploads\/2026\/03\/DERNIERE.jpg","datePublished":"2026-03-15T18:45:19+00:00","dateModified":"2026-04-26T14:08:15+00:00","description":"sculpture figuratives unique gr\u00e8s chamott\u00e9, fait main Toulouse France. unique ceramic sculptures, hand made Toulouse France","breadcrumb":{"@id":"https:\/\/www.barbotineciselet.fr\/dans-latelier\/#breadcrumb"},"inLanguage":"en-GB","potentialAction":[{"@type":"ReadAction","target":["https:\/\/www.barbotineciselet.fr\/dans-latelier\/"]}]},{"@type":"ImageObject","inLanguage":"en-GB","@id":"https:\/\/www.barbotineciselet.fr\/dans-latelier\/#primaryimage","url":"http:\/\/www.barbotineciselet.fr\/wp-content\/uploads\/2026\/03\/DERNIERE.jpg","contentUrl":"http:\/\/www.barbotineciselet.fr\/wp-content\/uploads\/2026\/03\/DERNIERE.jpg"},{"@type":"BreadcrumbList","@id":"https:\/\/www.barbotineciselet.fr\/dans-latelier\/#breadcrumb","itemListElement":[{"@type":"ListItem","position":1,"name":"Accueil","item":"http:\/\/www.barbotineciselet.fr\/"},{"@type":"ListItem","position":2,"name":"dans l&rsquo;atelier"}]},{"@type":"WebSite","@id":"http:\/\/www.barbotineciselet.fr\/#website","url":"http:\/\/www.barbotineciselet.fr\/","name":"BARBOTINE CISELET sculptures d'\u00e9motions TOULOUSE - FRANCE","description":"sculptures d&#039;\u00e9motions - terre - pi\u00e8ces uniques, toulouse, France","publisher":{"@id":"http:\/\/www.barbotineciselet.fr\/#\/schema\/person\/a26f367135c23aa07ad9d2b11b9a810e"},"potentialAction":[{"@type":"SearchAction","target":{"@type":"EntryPoint","urlTemplate":"http:\/\/www.barbotineciselet.fr\/?s={search_term_string}"},"query-input":{"@type":"PropertyValueSpecification","valueRequired":true,"valueName":"search_term_string"}}],"inLanguage":"en-GB"},{"@type":["Person","Organization"],"@id":"http:\/\/www.barbotineciselet.fr\/#\/schema\/person\/a26f367135c23aa07ad9d2b11b9a810e","name":"barbotine ciselet","image":{"@type":"ImageObject","inLanguage":"en-GB","@id":"http:\/\/www.barbotineciselet.fr\/#\/schema\/person\/image\/","url":"http:\/\/www.barbotineciselet.fr\/wp-content\/uploads\/2026\/03\/LOGO_2026-scaled.jpg","contentUrl":"http:\/\/www.barbotineciselet.fr\/wp-content\/uploads\/2026\/03\/LOGO_2026-scaled.jpg","width":2560,"height":623,"caption":"barbotine ciselet"},"logo":{"@id":"http:\/\/www.barbotineciselet.fr\/#\/schema\/person\/image\/"},"sameAs":["http:\/\/www.barbotineciselet.fr","https:\/\/www.facebook.com\/profile.php?id=100011430076168","https:\/\/www.instagram.com\/barbotineciselet_sculptures\/"]}]}},"_links":{"self":[{"href":"http:\/\/www.barbotineciselet.fr\/en\/wp-json\/wp\/v2\/pages\/589","targetHints":{"allow":["GET"]}}],"collection":[{"href":"http:\/\/www.barbotineciselet.fr\/en\/wp-json\/wp\/v2\/pages"}],"about":[{"href":"http:\/\/www.barbotineciselet.fr\/en\/wp-json\/wp\/v2\/types\/page"}],"author":[{"embeddable":true,"href":"http:\/\/www.barbotineciselet.fr\/en\/wp-json\/wp\/v2\/users\/1"}],"replies":[{"embeddable":true,"href":"http:\/\/www.barbotineciselet.fr\/en\/wp-json\/wp\/v2\/comments?post=589"}],"version-history":[{"count":8,"href":"http:\/\/www.barbotineciselet.fr\/en\/wp-json\/wp\/v2\/pages\/589\/revisions"}],"predecessor-version":[{"id":794,"href":"http:\/\/www.barbotineciselet.fr\/en\/wp-json\/wp\/v2\/pages\/589\/revisions\/794"}],"wp:attachment":[{"href":"http:\/\/www.barbotineciselet.fr\/en\/wp-json\/wp\/v2\/media?parent=589"}],"curies":[{"name":"wp","href":"https:\/\/api.w.org\/{rel}","templated":true}]}}