{"id":76,"date":"2024-10-01T08:46:54","date_gmt":"2024-10-01T06:46:54","guid":{"rendered":"http:\/\/www.barbotineciselet.fr\/?page_id=76"},"modified":"2026-04-26T16:05:14","modified_gmt":"2026-04-26T14:05:14","slug":"76-2","status":"publish","type":"page","link":"http:\/\/www.barbotineciselet.fr\/en\/76-2\/","title":{"rendered":"Restons en contact."},"content":{"rendered":"\n<p class=\"has-accent-4-color has-text-color has-link-color wp-elements-46165e2b1a7ef2de30c52dcfd712cd2f\"><strong>une question, un renseignement, un projet ?<\/strong><\/p>\n\n\n\n<figure class=\"wp-block-image size-full\"><img loading=\"lazy\" decoding=\"async\" width=\"2560\" height=\"1346\" src=\"http:\/\/www.barbotineciselet.fr\/wp-content\/uploads\/2026\/04\/mon_histoire_sculptures_style-1-scaled.jpg\" alt=\"\" class=\"wp-image-789\" style=\"aspect-ratio:3\/2;object-fit:cover\" srcset=\"http:\/\/www.barbotineciselet.fr\/wp-content\/uploads\/2026\/04\/mon_histoire_sculptures_style-1-scaled.jpg 2560w, http:\/\/www.barbotineciselet.fr\/wp-content\/uploads\/2026\/04\/mon_histoire_sculptures_style-1-300x158.jpg 300w, http:\/\/www.barbotineciselet.fr\/wp-content\/uploads\/2026\/04\/mon_histoire_sculptures_style-1-1024x538.jpg 1024w, http:\/\/www.barbotineciselet.fr\/wp-content\/uploads\/2026\/04\/mon_histoire_sculptures_style-1-768x404.jpg 768w, http:\/\/www.barbotineciselet.fr\/wp-content\/uploads\/2026\/04\/mon_histoire_sculptures_style-1-1536x808.jpg 1536w, http:\/\/www.barbotineciselet.fr\/wp-content\/uploads\/2026\/04\/mon_histoire_sculptures_style-1-2048x1077.jpg 2048w, http:\/\/www.barbotineciselet.fr\/wp-content\/uploads\/2026\/04\/mon_histoire_sculptures_style-1-18x9.jpg 18w, http:\/\/www.barbotineciselet.fr\/wp-content\/uploads\/2026\/04\/mon_histoire_sculptures_style-1-600x316.jpg 600w\" sizes=\"auto, (max-width: 2560px) 100vw, 2560px\" \/><\/figure>\n\n\n\n<p class=\"has-text-align-left\">BARBOTINE CISELET<br>sculptures sur terre<br>22 rue des lilas &#8211; 31500 TOULOUSE<br>06 60 51 41 13 <br>contact@barbotineciselet.fr<br>www.barbotineciselet.fr<\/p>\n\n\n\n<div class=\"wp-block-group is-nowrap is-layout-flex wp-container-core-group-is-layout-6c531013 wp-block-group-is-layout-flex\"><style id=\"wpforms-css-vars-10-block-e002404b-c233-4846-8217-25dffa25bb31\">\n\t\t\t\t#wpforms-10.wpforms-block-e002404b-c233-4846-8217-25dffa25bb31 {\n\t\t\t\t--wpforms-field-size-input-height: 43px;\n--wpforms-field-size-input-spacing: 15px;\n--wpforms-field-size-font-size: 16px;\n--wpforms-field-size-line-height: 19px;\n--wpforms-field-size-padding-h: 14px;\n--wpforms-field-size-checkbox-size: 16px;\n--wpforms-field-size-sublabel-spacing: 5px;\n--wpforms-field-size-icon-size: 1;\n--wpforms-label-size-font-size: 16px;\n--wpforms-label-size-line-height: 19px;\n--wpforms-label-size-sublabel-font-size: 14px;\n--wpforms-label-size-sublabel-line-height: 17px;\n--wpforms-button-size-font-size: 17px;\n--wpforms-button-size-height: 41px;\n--wpforms-button-size-padding-h: 15px;\n--wpforms-button-size-margin-top: 10px;\n\t\t\t}\n\t\t\t<\/style><div class=\"wpforms-container wpforms-container-full wpforms-block wpforms-block-e002404b-c233-4846-8217-25dffa25bb31 wpforms-render-modern\" id=\"wpforms-10\"><form id=\"wpforms-form-10\" class=\"wpforms-validate wpforms-form wpforms-ajax-form\" data-formid=\"10\" method=\"post\" enctype=\"multipart\/form-data\" action=\"\/en\/wp-json\/wp\/v2\/pages\/76\" data-token=\"b2359cc356fc057167fef3a59033dd5a\" data-token-time=\"1777467583\"><noscript class=\"wpforms-error-noscript\">Please enable JavaScript in your browser to complete this form.<\/noscript><div id=\"wpforms-error-noscript\" style=\"display: none;\">Please enable JavaScript in your browser to complete this form.<\/div><div class=\"wpforms-field-container\"><div id=\"wpforms-10-field_1-container\" class=\"wpforms-field wpforms-field-name\" data-field-id=\"1\"><fieldset><legend class=\"wpforms-field-label\">nom\/name <span class=\"wpforms-required-label\" aria-hidden=\"true\">*<\/span><\/legend><div class=\"wpforms-field-row wpforms-field-medium\"><div class=\"wpforms-field-row-block wpforms-first wpforms-one-half\"><input type=\"text\" id=\"wpforms-10-field_1\" class=\"wpforms-field-name-first wpforms-field-required\" name=\"wpforms[fields][1][first]\" aria-errormessage=\"wpforms-10-field_1-error\" required><label for=\"wpforms-10-field_1\" class=\"wpforms-field-sublabel after\">First<\/label><\/div><div class=\"wpforms-field-row-block wpforms-one-half\"><input type=\"text\" id=\"wpforms-10-field_1-last\" class=\"wpforms-field-name-last wpforms-field-required\" name=\"wpforms[fields][1][last]\" aria-errormessage=\"wpforms-10-field_1-last-error\" required><label for=\"wpforms-10-field_1-last\" class=\"wpforms-field-sublabel after\">Last<\/label><\/div><\/div><\/fieldset><\/div>\t\t<div id=\"wpforms-10-field_4-container\"\n\t\t\tclass=\"wpforms-field wpforms-field-text\"\n\t\t\tdata-field-type=\"text\"\n\t\t\tdata-field-id=\"4\"\n\t\t\t>\n\t\t\t<label class=\"wpforms-field-label\" for=\"wpforms-10-field_4\" >case &#8211; \u00e0<\/label>\n\t\t\t<input type=\"text\" id=\"wpforms-10-field_4\" class=\"wpforms-field-medium\" name=\"wpforms[fields][4]\" >\n\t\t<\/div>\n\t\t<div id=\"wpforms-10-field_2-container\" class=\"wpforms-field wpforms-field-email\" data-field-id=\"2\"><label class=\"wpforms-field-label\" for=\"wpforms-10-field_2\">E-mail <span class=\"wpforms-required-label\" aria-hidden=\"true\">*<\/span><\/label><input type=\"email\" id=\"wpforms-10-field_2\" class=\"wpforms-field-medium wpforms-field-required\" name=\"wpforms[fields][2]\" spellcheck=\"false\" aria-errormessage=\"wpforms-10-field_2-error\" required><\/div><div id=\"wpforms-10-field_3-container\" class=\"wpforms-field wpforms-field-textarea\" data-field-id=\"3\"><label class=\"wpforms-field-label\" for=\"wpforms-10-field_3\">message &#8211; newsletter<\/label><textarea id=\"wpforms-10-field_3\" class=\"wpforms-field-medium\" name=\"wpforms[fields][3]\" aria-errormessage=\"wpforms-10-field_3-error\" ><\/textarea><\/div><div id=\"wpforms-10-field_5-container\" class=\"wpforms-field wpforms-field-checkbox\" data-field-id=\"5\"><fieldset><legend class=\"wpforms-field-label\">case \u00e0 cocher<\/legend><ul id=\"wpforms-10-field_5\"><li class=\"choice-1 depth-1\"><input type=\"checkbox\" id=\"wpforms-10-field_5_1\" name=\"wpforms[fields][5][]\" value=\"&quot;en envoyant le formulaire j&#039;accepte votre &lt;a target=&quot;\u00bb_blank\u00a0\u00bb&quot; href=&quot;http:\/\/www.barbotineciselet.fr\/wp-admin\/post.php?post=28&amp;action=edit&quot;&gt;politique de confidentialit\u00e9&lt;\/a&gt; &quot;\" aria-errormessage=\"wpforms-10-field_5_1-error\"  ><label class=\"wpforms-field-label-inline\" for=\"wpforms-10-field_5_1\">\u00ab\u00a0en envoyant le formulaire j&rsquo;accepte votre &lt;a target=\u00a0\u00bb\u00bb_blank\u00a0\u00bb\u00a0\u00bb href=\u00a0\u00bbhttp:\/\/www.barbotineciselet.fr\/wp-admin\/post.php?post=28&amp;action=edit\u00a0\u00bb&gt;politique de confidentialit\u00e9&lt;\/a&gt; \u00ab\u00a0<\/label><\/li><\/ul><\/fieldset><\/div><script>\n\t\t\t\t( function() {\n\t\t\t\t\tconst style = document.createElement( 'style' );\n\t\t\t\t\tstyle.appendChild( document.createTextNode( '#wpforms-10-field_4-container { position: absolute !important; overflow: hidden !important; display: inline !important; height: 1px !important; width: 1px !important; z-index: -1000 !important; padding: 0 !important; } #wpforms-10-field_4-container input { visibility: hidden; } #wpforms-conversational-form-page #wpforms-10-field_4-container label { counter-increment: none; }' ) );\n\t\t\t\t\tdocument.head.appendChild( style );\n\t\t\t\t\tdocument.currentScript?.remove();\n\t\t\t\t} )();\n\t\t\t<\/script><\/div><!-- .wpforms-field-container --><div class=\"wpforms-submit-container\" ><input type=\"hidden\" name=\"wpforms[id]\" value=\"10\"><input type=\"hidden\" name=\"page_title\" value=\"\"><input type=\"hidden\" name=\"page_url\" value=\"http:\/\/www.barbotineciselet.fr\/en\/wp-json\/wp\/v2\/pages\/76\"><input type=\"hidden\" name=\"url_referer\" value=\"\"><button type=\"submit\" name=\"wpforms[submit]\" id=\"wpforms-submit-10\" class=\"wpforms-submit\" data-alt-text=\"Envoi...\" data-submit-text=\"Envoyer\" aria-live=\"assertive\" value=\"wpforms-submit\">Envoyer<\/button><img loading=\"lazy\" decoding=\"async\" src=\"http:\/\/www.barbotineciselet.fr\/wp-content\/plugins\/wpforms-lite\/assets\/images\/submit-spin.svg\" class=\"wpforms-submit-spinner\" style=\"display: none;\" width=\"26\" height=\"26\" alt=\"Loading\"><\/div><\/form><\/div>  <!-- .wpforms-container --><\/div>\n\n\n\n<p><\/p>\n","protected":false},"excerpt":{"rendered":"<p>une question, un renseignement, un projet ? BARBOTINE CISELETsculptures sur terre22 rue des lilas &#8211; 31500 TOULOUSE06 60 51 41 13 contact@barbotineciselet.frwww.barbotineciselet.fr<\/p>","protected":false},"author":1,"featured_media":0,"parent":0,"menu_order":0,"comment_status":"closed","ping_status":"closed","template":"","meta":{"footnotes":""},"class_list":["post-76","page","type-page","status-publish","hentry"],"yoast_head":"<!-- This site is optimized with the Yoast SEO plugin v27.1.1 - https:\/\/yoast.com\/product\/yoast-seo-wordpress\/ -->\n<title>Restons en contact. - BARBOTINE CISELET sculptures d&#039;\u00e9motions TOULOUSE - FRANCE<\/title>\n<meta name=\"robots\" content=\"index, follow, max-snippet:-1, max-image-preview:large, max-video-preview:-1\" \/>\n<link rel=\"canonical\" href=\"http:\/\/www.barbotineciselet.fr\/en\/76-2\/\" \/>\n<meta property=\"og:locale\" content=\"en_GB\" \/>\n<meta property=\"og:type\" content=\"article\" \/>\n<meta property=\"og:title\" content=\"Restons en contact. - BARBOTINE CISELET sculptures d&#039;\u00e9motions TOULOUSE - FRANCE\" \/>\n<meta property=\"og:description\" content=\"une question, un renseignement, un projet ? BARBOTINE CISELETsculptures sur terre22 rue des lilas &#8211; 31500 TOULOUSE06 60 51 41 13 contact@barbotineciselet.frwww.barbotineciselet.fr\" \/>\n<meta property=\"og:url\" content=\"http:\/\/www.barbotineciselet.fr\/en\/76-2\/\" \/>\n<meta property=\"og:site_name\" content=\"BARBOTINE CISELET sculptures d&#039;\u00e9motions TOULOUSE - FRANCE\" \/>\n<meta property=\"article:publisher\" content=\"https:\/\/www.facebook.com\/profile.php?id=100011430076168\" \/>\n<meta property=\"article:modified_time\" content=\"2026-04-26T14:05:14+00:00\" \/>\n<meta property=\"og:image\" content=\"http:\/\/www.barbotineciselet.fr\/wp-content\/uploads\/2026\/04\/mon_histoire_sculptures_style-1-scaled.jpg\" \/>\n<meta name=\"twitter:card\" content=\"summary_large_image\" \/>\n<meta name=\"twitter:label1\" content=\"Estimated reading time\" \/>\n\t<meta name=\"twitter:data1\" content=\"1 minute\" \/>\n<script type=\"application\/ld+json\" class=\"yoast-schema-graph\">{\"@context\":\"https:\/\/schema.org\",\"@graph\":[{\"@type\":\"WebPage\",\"@id\":\"http:\/\/www.barbotineciselet.fr\/76-2\/\",\"url\":\"http:\/\/www.barbotineciselet.fr\/76-2\/\",\"name\":\"Restons en contact. - BARBOTINE CISELET sculptures d&#039;\u00e9motions TOULOUSE - FRANCE\",\"isPartOf\":{\"@id\":\"http:\/\/www.barbotineciselet.fr\/#website\"},\"primaryImageOfPage\":{\"@id\":\"http:\/\/www.barbotineciselet.fr\/76-2\/#primaryimage\"},\"image\":{\"@id\":\"http:\/\/www.barbotineciselet.fr\/76-2\/#primaryimage\"},\"thumbnailUrl\":\"http:\/\/www.barbotineciselet.fr\/wp-content\/uploads\/2026\/04\/mon_histoire_sculptures_style-1-scaled.jpg\",\"datePublished\":\"2024-10-01T06:46:54+00:00\",\"dateModified\":\"2026-04-26T14:05:14+00:00\",\"breadcrumb\":{\"@id\":\"http:\/\/www.barbotineciselet.fr\/76-2\/#breadcrumb\"},\"inLanguage\":\"en-GB\",\"potentialAction\":[{\"@type\":\"ReadAction\",\"target\":[\"http:\/\/www.barbotineciselet.fr\/76-2\/\"]}]},{\"@type\":\"ImageObject\",\"inLanguage\":\"en-GB\",\"@id\":\"http:\/\/www.barbotineciselet.fr\/76-2\/#primaryimage\",\"url\":\"http:\/\/www.barbotineciselet.fr\/wp-content\/uploads\/2026\/04\/mon_histoire_sculptures_style-1-scaled.jpg\",\"contentUrl\":\"http:\/\/www.barbotineciselet.fr\/wp-content\/uploads\/2026\/04\/mon_histoire_sculptures_style-1-scaled.jpg\"},{\"@type\":\"BreadcrumbList\",\"@id\":\"http:\/\/www.barbotineciselet.fr\/76-2\/#breadcrumb\",\"itemListElement\":[{\"@type\":\"ListItem\",\"position\":1,\"name\":\"Accueil\",\"item\":\"http:\/\/www.barbotineciselet.fr\/\"},{\"@type\":\"ListItem\",\"position\":2,\"name\":\"Restons en contact.\"}]},{\"@type\":\"WebSite\",\"@id\":\"http:\/\/www.barbotineciselet.fr\/#website\",\"url\":\"http:\/\/www.barbotineciselet.fr\/\",\"name\":\"BARBOTINE CISELET sculptures d'\u00e9motions TOULOUSE - FRANCE\",\"description\":\"sculptures d&#039;\u00e9motions - terre - pi\u00e8ces uniques, toulouse, France\",\"publisher\":{\"@id\":\"http:\/\/www.barbotineciselet.fr\/#\/schema\/person\/a26f367135c23aa07ad9d2b11b9a810e\"},\"potentialAction\":[{\"@type\":\"SearchAction\",\"target\":{\"@type\":\"EntryPoint\",\"urlTemplate\":\"http:\/\/www.barbotineciselet.fr\/?s={search_term_string}\"},\"query-input\":{\"@type\":\"PropertyValueSpecification\",\"valueRequired\":true,\"valueName\":\"search_term_string\"}}],\"inLanguage\":\"en-GB\"},{\"@type\":[\"Person\",\"Organization\"],\"@id\":\"http:\/\/www.barbotineciselet.fr\/#\/schema\/person\/a26f367135c23aa07ad9d2b11b9a810e\",\"name\":\"barbotine ciselet\",\"image\":{\"@type\":\"ImageObject\",\"inLanguage\":\"en-GB\",\"@id\":\"http:\/\/www.barbotineciselet.fr\/#\/schema\/person\/image\/\",\"url\":\"http:\/\/www.barbotineciselet.fr\/wp-content\/uploads\/2026\/03\/LOGO_2026-scaled.jpg\",\"contentUrl\":\"http:\/\/www.barbotineciselet.fr\/wp-content\/uploads\/2026\/03\/LOGO_2026-scaled.jpg\",\"width\":2560,\"height\":623,\"caption\":\"barbotine ciselet\"},\"logo\":{\"@id\":\"http:\/\/www.barbotineciselet.fr\/#\/schema\/person\/image\/\"},\"sameAs\":[\"http:\/\/www.barbotineciselet.fr\",\"https:\/\/www.facebook.com\/profile.php?id=100011430076168\",\"https:\/\/www.instagram.com\/barbotineciselet_sculptures\/\"]}]}<\/script>\n<!-- \/ Yoast SEO plugin. -->","yoast_head_json":{"title":"Restons en contact. - BARBOTINE CISELET sculptures d&#039;\u00e9motions TOULOUSE - FRANCE","robots":{"index":"index","follow":"follow","max-snippet":"max-snippet:-1","max-image-preview":"max-image-preview:large","max-video-preview":"max-video-preview:-1"},"canonical":"http:\/\/www.barbotineciselet.fr\/en\/76-2\/","og_locale":"en_GB","og_type":"article","og_title":"Restons en contact. - BARBOTINE CISELET sculptures d&#039;\u00e9motions TOULOUSE - FRANCE","og_description":"une question, un renseignement, un projet ? BARBOTINE CISELETsculptures sur terre22 rue des lilas &#8211; 31500 TOULOUSE06 60 51 41 13 contact@barbotineciselet.frwww.barbotineciselet.fr","og_url":"http:\/\/www.barbotineciselet.fr\/en\/76-2\/","og_site_name":"BARBOTINE CISELET sculptures d&#039;\u00e9motions TOULOUSE - FRANCE","article_publisher":"https:\/\/www.facebook.com\/profile.php?id=100011430076168","article_modified_time":"2026-04-26T14:05:14+00:00","og_image":[{"url":"http:\/\/www.barbotineciselet.fr\/wp-content\/uploads\/2026\/04\/mon_histoire_sculptures_style-1-scaled.jpg","type":"","width":"","height":""}],"twitter_card":"summary_large_image","twitter_misc":{"Estimated reading time":"1 minute"},"schema":{"@context":"https:\/\/schema.org","@graph":[{"@type":"WebPage","@id":"http:\/\/www.barbotineciselet.fr\/76-2\/","url":"http:\/\/www.barbotineciselet.fr\/76-2\/","name":"Restons en contact. - BARBOTINE CISELET sculptures d&#039;\u00e9motions TOULOUSE - FRANCE","isPartOf":{"@id":"http:\/\/www.barbotineciselet.fr\/#website"},"primaryImageOfPage":{"@id":"http:\/\/www.barbotineciselet.fr\/76-2\/#primaryimage"},"image":{"@id":"http:\/\/www.barbotineciselet.fr\/76-2\/#primaryimage"},"thumbnailUrl":"http:\/\/www.barbotineciselet.fr\/wp-content\/uploads\/2026\/04\/mon_histoire_sculptures_style-1-scaled.jpg","datePublished":"2024-10-01T06:46:54+00:00","dateModified":"2026-04-26T14:05:14+00:00","breadcrumb":{"@id":"http:\/\/www.barbotineciselet.fr\/76-2\/#breadcrumb"},"inLanguage":"en-GB","potentialAction":[{"@type":"ReadAction","target":["http:\/\/www.barbotineciselet.fr\/76-2\/"]}]},{"@type":"ImageObject","inLanguage":"en-GB","@id":"http:\/\/www.barbotineciselet.fr\/76-2\/#primaryimage","url":"http:\/\/www.barbotineciselet.fr\/wp-content\/uploads\/2026\/04\/mon_histoire_sculptures_style-1-scaled.jpg","contentUrl":"http:\/\/www.barbotineciselet.fr\/wp-content\/uploads\/2026\/04\/mon_histoire_sculptures_style-1-scaled.jpg"},{"@type":"BreadcrumbList","@id":"http:\/\/www.barbotineciselet.fr\/76-2\/#breadcrumb","itemListElement":[{"@type":"ListItem","position":1,"name":"Accueil","item":"http:\/\/www.barbotineciselet.fr\/"},{"@type":"ListItem","position":2,"name":"Restons en contact."}]},{"@type":"WebSite","@id":"http:\/\/www.barbotineciselet.fr\/#website","url":"http:\/\/www.barbotineciselet.fr\/","name":"BARBOTINE CISELET sculptures d'\u00e9motions TOULOUSE - FRANCE","description":"sculptures d&#039;\u00e9motions - terre - pi\u00e8ces uniques, toulouse, France","publisher":{"@id":"http:\/\/www.barbotineciselet.fr\/#\/schema\/person\/a26f367135c23aa07ad9d2b11b9a810e"},"potentialAction":[{"@type":"SearchAction","target":{"@type":"EntryPoint","urlTemplate":"http:\/\/www.barbotineciselet.fr\/?s={search_term_string}"},"query-input":{"@type":"PropertyValueSpecification","valueRequired":true,"valueName":"search_term_string"}}],"inLanguage":"en-GB"},{"@type":["Person","Organization"],"@id":"http:\/\/www.barbotineciselet.fr\/#\/schema\/person\/a26f367135c23aa07ad9d2b11b9a810e","name":"barbotine ciselet","image":{"@type":"ImageObject","inLanguage":"en-GB","@id":"http:\/\/www.barbotineciselet.fr\/#\/schema\/person\/image\/","url":"http:\/\/www.barbotineciselet.fr\/wp-content\/uploads\/2026\/03\/LOGO_2026-scaled.jpg","contentUrl":"http:\/\/www.barbotineciselet.fr\/wp-content\/uploads\/2026\/03\/LOGO_2026-scaled.jpg","width":2560,"height":623,"caption":"barbotine ciselet"},"logo":{"@id":"http:\/\/www.barbotineciselet.fr\/#\/schema\/person\/image\/"},"sameAs":["http:\/\/www.barbotineciselet.fr","https:\/\/www.facebook.com\/profile.php?id=100011430076168","https:\/\/www.instagram.com\/barbotineciselet_sculptures\/"]}]}},"_links":{"self":[{"href":"http:\/\/www.barbotineciselet.fr\/en\/wp-json\/wp\/v2\/pages\/76","targetHints":{"allow":["GET"]}}],"collection":[{"href":"http:\/\/www.barbotineciselet.fr\/en\/wp-json\/wp\/v2\/pages"}],"about":[{"href":"http:\/\/www.barbotineciselet.fr\/en\/wp-json\/wp\/v2\/types\/page"}],"author":[{"embeddable":true,"href":"http:\/\/www.barbotineciselet.fr\/en\/wp-json\/wp\/v2\/users\/1"}],"replies":[{"embeddable":true,"href":"http:\/\/www.barbotineciselet.fr\/en\/wp-json\/wp\/v2\/comments?post=76"}],"version-history":[{"count":13,"href":"http:\/\/www.barbotineciselet.fr\/en\/wp-json\/wp\/v2\/pages\/76\/revisions"}],"predecessor-version":[{"id":791,"href":"http:\/\/www.barbotineciselet.fr\/en\/wp-json\/wp\/v2\/pages\/76\/revisions\/791"}],"wp:attachment":[{"href":"http:\/\/www.barbotineciselet.fr\/en\/wp-json\/wp\/v2\/media?parent=76"}],"curies":[{"name":"wp","href":"https:\/\/api.w.org\/{rel}","templated":true}]}}