{"id":20,"date":"2024-09-30T23:38:31","date_gmt":"2024-09-30T21:38:31","guid":{"rendered":"http:\/\/www.barbotineciselet.fr\/?page_id=20"},"modified":"2026-04-26T14:50:28","modified_gmt":"2026-04-26T12:50:28","slug":"sculptures-tetes-fait-main-toulouse-france","status":"publish","type":"page","link":"https:\/\/www.barbotineciselet.fr\/en\/sculptures-tetes-fait-main-toulouse-france\/","title":{"rendered":"regards"},"content":{"rendered":"<p class=\"has-accent-4-color has-text-color has-link-color wp-elements-25d8c422859f8e67f163539e3a733e36\"><strong>when a face sys it all<\/strong><\/p>\n\n\n\n<figure class=\"wp-block-image size-full\"><img loading=\"lazy\" decoding=\"async\" width=\"755\" height=\"471\" src=\"http:\/\/www.barbotineciselet.fr\/wp-content\/uploads\/2026\/02\/RESPIRATION-TETE2-1.png\" alt=\"\" class=\"wp-image-427\" srcset=\"https:\/\/www.barbotineciselet.fr\/wp-content\/uploads\/2026\/02\/RESPIRATION-TETE2-1.png 755w, https:\/\/www.barbotineciselet.fr\/wp-content\/uploads\/2026\/02\/RESPIRATION-TETE2-1-300x187.png 300w, https:\/\/www.barbotineciselet.fr\/wp-content\/uploads\/2026\/02\/RESPIRATION-TETE2-1-600x374.png 600w\" sizes=\"auto, (max-width: 755px) 100vw, 755px\" \/><\/figure>\n\n\n\n<p class=\"has-text-align-left has-small-font-size\">Each sculpture is a presence<br>some stand alone, like assertions of singularity <br>as assertions of singularity.<br>others dialogue with each other <br>revealing the strength of the collective <br>I don't prioritize faces. <br>I give everyone their place. <br>With the \u201cordinary presences\u201d collection, <br>I pursue the same intention:<br>make humans visible in all their diversity<\/p>\n\n\n\n<p class=\"has-accent-4-color has-text-color has-link-color wp-elements-7e830836bccc410b8eefe91613508a31\"><strong><em>Soul of the sculptures :<\/em> <\/strong><\/p>\n\n\n\n<p>free to rest or rise on a base or carried by a metal rod<br>between 10 and 40 cm in heigt<br>a chamotte stoneware skin that has retained the imprint of the hand<br>born only one in my Toulouse studio<\/p>\n\n\n\n<div class=\"wp-block-group alignfull has-global-padding is-layout-constrained wp-container-core-group-is-layout-b25ccd55 wp-block-group-is-layout-constrained\" style=\"margin-top:0;margin-bottom:0;padding-top:var(--wp--preset--spacing--50);padding-right:var(--wp--preset--spacing--50);padding-bottom:var(--wp--preset--spacing--50);padding-left:var(--wp--preset--spacing--50)\">\n<div class=\"wp-block-columns alignwide is-layout-flex wp-container-core-columns-is-layout-ff4b9c61 wp-block-columns-is-layout-flex\" style=\"margin-top:0;margin-bottom:0\">\n<div class=\"wp-block-column is-layout-flow wp-container-core-column-is-layout-8a368f38 wp-block-column-is-layout-flow\">\n<figure class=\"wp-block-image size-full is-style-default\"><img loading=\"lazy\" decoding=\"async\" width=\"579\" height=\"252\" src=\"http:\/\/www.barbotineciselet.fr\/wp-content\/uploads\/2024\/10\/detailT2-1.jpg\" alt=\"\" class=\"wp-image-142\" srcset=\"https:\/\/www.barbotineciselet.fr\/wp-content\/uploads\/2024\/10\/detailT2-1.jpg 579w, https:\/\/www.barbotineciselet.fr\/wp-content\/uploads\/2024\/10\/detailT2-1-300x131.jpg 300w\" sizes=\"auto, (max-width: 579px) 100vw, 579px\" \/><\/figure>\n\n\n\n<div style=\"height:13px\" aria-hidden=\"true\" class=\"wp-block-spacer\"><\/div>\n\n\n\n<div style=\"height:13px\" aria-hidden=\"true\" class=\"wp-block-spacer\"><\/div>\n\n\n\n<figure class=\"wp-block-image size-full is-style-default\"><img loading=\"lazy\" decoding=\"async\" width=\"1024\" height=\"1536\" src=\"http:\/\/www.barbotineciselet.fr\/wp-content\/uploads\/2026\/04\/barbotineciselet-tete-2.png\" alt=\"\" class=\"wp-image-736\" srcset=\"https:\/\/www.barbotineciselet.fr\/wp-content\/uploads\/2026\/04\/barbotineciselet-tete-2.png 1024w, https:\/\/www.barbotineciselet.fr\/wp-content\/uploads\/2026\/04\/barbotineciselet-tete-2-200x300.png 200w, https:\/\/www.barbotineciselet.fr\/wp-content\/uploads\/2026\/04\/barbotineciselet-tete-2-683x1024.png 683w, https:\/\/www.barbotineciselet.fr\/wp-content\/uploads\/2026\/04\/barbotineciselet-tete-2-768x1152.png 768w, https:\/\/www.barbotineciselet.fr\/wp-content\/uploads\/2026\/04\/barbotineciselet-tete-2-8x12.png 8w, https:\/\/www.barbotineciselet.fr\/wp-content\/uploads\/2026\/04\/barbotineciselet-tete-2-600x900.png 600w\" sizes=\"auto, (max-width: 1024px) 100vw, 1024px\" \/><\/figure>\n\n\n\n<p>Gustin<\/p>\n\n\n\n<div style=\"height:13px\" aria-hidden=\"true\" class=\"wp-block-spacer\"><\/div>\n\n\n\n<div style=\"height:13px\" aria-hidden=\"true\" class=\"wp-block-spacer\"><\/div>\n\n\n\n<figure class=\"wp-block-image size-full is-style-default\"><img loading=\"lazy\" decoding=\"async\" width=\"1023\" height=\"1537\" src=\"http:\/\/www.barbotineciselet.fr\/wp-content\/uploads\/2026\/04\/barbotineciselet-tete-3.png\" alt=\"\" class=\"wp-image-737\" srcset=\"https:\/\/www.barbotineciselet.fr\/wp-content\/uploads\/2026\/04\/barbotineciselet-tete-3.png 1023w, https:\/\/www.barbotineciselet.fr\/wp-content\/uploads\/2026\/04\/barbotineciselet-tete-3-200x300.png 200w, https:\/\/www.barbotineciselet.fr\/wp-content\/uploads\/2026\/04\/barbotineciselet-tete-3-682x1024.png 682w, https:\/\/www.barbotineciselet.fr\/wp-content\/uploads\/2026\/04\/barbotineciselet-tete-3-768x1154.png 768w, https:\/\/www.barbotineciselet.fr\/wp-content\/uploads\/2026\/04\/barbotineciselet-tete-3-8x12.png 8w, https:\/\/www.barbotineciselet.fr\/wp-content\/uploads\/2026\/04\/barbotineciselet-tete-3-600x901.png 600w\" sizes=\"auto, (max-width: 1023px) 100vw, 1023px\" \/><\/figure>\n\n\n\n<p>Alfredo<\/p>\n\n\n\n<div style=\"height:13px\" aria-hidden=\"true\" class=\"wp-block-spacer\"><\/div>\n\n\n\n<div style=\"height:13px\" aria-hidden=\"true\" class=\"wp-block-spacer\"><\/div>\n\n\n\n<figure class=\"wp-block-image size-full is-style-default\"><img loading=\"lazy\" decoding=\"async\" width=\"1024\" height=\"1536\" src=\"http:\/\/www.barbotineciselet.fr\/wp-content\/uploads\/2026\/04\/barbotineciselet-tete-1.png\" alt=\"\" class=\"wp-image-741\" srcset=\"https:\/\/www.barbotineciselet.fr\/wp-content\/uploads\/2026\/04\/barbotineciselet-tete-1.png 1024w, https:\/\/www.barbotineciselet.fr\/wp-content\/uploads\/2026\/04\/barbotineciselet-tete-1-200x300.png 200w, https:\/\/www.barbotineciselet.fr\/wp-content\/uploads\/2026\/04\/barbotineciselet-tete-1-683x1024.png 683w, https:\/\/www.barbotineciselet.fr\/wp-content\/uploads\/2026\/04\/barbotineciselet-tete-1-768x1152.png 768w, https:\/\/www.barbotineciselet.fr\/wp-content\/uploads\/2026\/04\/barbotineciselet-tete-1-8x12.png 8w, https:\/\/www.barbotineciselet.fr\/wp-content\/uploads\/2026\/04\/barbotineciselet-tete-1-600x900.png 600w\" sizes=\"auto, (max-width: 1024px) 100vw, 1024px\" \/><\/figure>\n\n\n\n<p>Rodrigue<\/p>\n\n\n\n<div style=\"height:13px\" aria-hidden=\"true\" class=\"wp-block-spacer\"><\/div>\n<\/div>\n\n\n\n<div class=\"wp-block-column is-layout-flow wp-container-core-column-is-layout-8a368f38 wp-block-column-is-layout-flow\">\n<div style=\"height:13px\" aria-hidden=\"true\" class=\"wp-block-spacer\"><\/div>\n\n\n\n<div style=\"height:13px\" aria-hidden=\"true\" class=\"wp-block-spacer\"><\/div>\n\n\n\n<div style=\"height:13px\" aria-hidden=\"true\" class=\"wp-block-spacer\"><\/div>\n\n\n\n<figure class=\"wp-block-image size-full is-style-default\"><img loading=\"lazy\" decoding=\"async\" width=\"988\" height=\"384\" src=\"http:\/\/www.barbotineciselet.fr\/wp-content\/uploads\/2024\/10\/detailT7.jpg\" alt=\"\" class=\"wp-image-104\" style=\"aspect-ratio:1;object-fit:cover\" srcset=\"https:\/\/www.barbotineciselet.fr\/wp-content\/uploads\/2024\/10\/detailT7.jpg 988w, https:\/\/www.barbotineciselet.fr\/wp-content\/uploads\/2024\/10\/detailT7-300x117.jpg 300w, https:\/\/www.barbotineciselet.fr\/wp-content\/uploads\/2024\/10\/detailT7-768x298.jpg 768w\" sizes=\"auto, (max-width: 988px) 100vw, 988px\" \/><\/figure>\n\n\n\n<div style=\"height:13px\" aria-hidden=\"true\" class=\"wp-block-spacer\"><\/div>\n\n\n\n<div style=\"height:13px\" aria-hidden=\"true\" class=\"wp-block-spacer\"><\/div>\n\n\n\n<figure class=\"wp-block-image size-full\"><img loading=\"lazy\" decoding=\"async\" width=\"448\" height=\"462\" src=\"http:\/\/www.barbotineciselet.fr\/wp-content\/uploads\/2026\/02\/RESPIRATION-TETE3.png\" alt=\"\" class=\"wp-image-441\" srcset=\"https:\/\/www.barbotineciselet.fr\/wp-content\/uploads\/2026\/02\/RESPIRATION-TETE3.png 448w, https:\/\/www.barbotineciselet.fr\/wp-content\/uploads\/2026\/02\/RESPIRATION-TETE3-291x300.png 291w\" sizes=\"auto, (max-width: 448px) 100vw, 448px\" \/><\/figure>\n\n\n\n<div style=\"height:15px\" aria-hidden=\"true\" class=\"wp-block-spacer\"><\/div>\n\n\n\n<figure class=\"wp-block-image size-full is-style-default\"><img loading=\"lazy\" decoding=\"async\" width=\"1023\" height=\"1537\" src=\"http:\/\/www.barbotineciselet.fr\/wp-content\/uploads\/2026\/04\/barbotineciselet-tete-4.png\" alt=\"\" class=\"wp-image-738\" srcset=\"https:\/\/www.barbotineciselet.fr\/wp-content\/uploads\/2026\/04\/barbotineciselet-tete-4.png 1023w, https:\/\/www.barbotineciselet.fr\/wp-content\/uploads\/2026\/04\/barbotineciselet-tete-4-200x300.png 200w, https:\/\/www.barbotineciselet.fr\/wp-content\/uploads\/2026\/04\/barbotineciselet-tete-4-682x1024.png 682w, https:\/\/www.barbotineciselet.fr\/wp-content\/uploads\/2026\/04\/barbotineciselet-tete-4-768x1154.png 768w, https:\/\/www.barbotineciselet.fr\/wp-content\/uploads\/2026\/04\/barbotineciselet-tete-4-8x12.png 8w, https:\/\/www.barbotineciselet.fr\/wp-content\/uploads\/2026\/04\/barbotineciselet-tete-4-600x901.png 600w\" sizes=\"auto, (max-width: 1023px) 100vw, 1023px\" \/><\/figure>\n\n\n\n<p>Hector<\/p>\n\n\n\n<div style=\"height:12px\" aria-hidden=\"true\" class=\"wp-block-spacer\"><\/div>\n\n\n\n<div style=\"height:13px\" aria-hidden=\"true\" class=\"wp-block-spacer\"><\/div>\n<\/div>\n\n\n\n<div class=\"wp-block-column is-layout-flow wp-container-core-column-is-layout-8a368f38 wp-block-column-is-layout-flow\">\n<figure class=\"wp-block-image size-large is-style-default\"><img loading=\"lazy\" decoding=\"async\" width=\"550\" height=\"1024\" src=\"http:\/\/www.barbotineciselet.fr\/wp-content\/uploads\/2024\/10\/barbotineciseletT1F3555cadreeseree-550x1024.jpg\" alt=\"\" class=\"wp-image-138\" style=\"aspect-ratio:3\/4;object-fit:cover\" srcset=\"https:\/\/www.barbotineciselet.fr\/wp-content\/uploads\/2024\/10\/barbotineciseletT1F3555cadreeseree-550x1024.jpg 550w, https:\/\/www.barbotineciselet.fr\/wp-content\/uploads\/2024\/10\/barbotineciseletT1F3555cadreeseree-161x300.jpg 161w, https:\/\/www.barbotineciselet.fr\/wp-content\/uploads\/2024\/10\/barbotineciseletT1F3555cadreeseree.jpg 607w\" sizes=\"auto, (max-width: 550px) 100vw, 550px\" \/><\/figure>\n\n\n\n<p>Rodrigue<\/p>\n\n\n\n<div style=\"height:13px\" aria-hidden=\"true\" class=\"wp-block-spacer\"><\/div>\n\n\n\n<figure class=\"wp-block-image size-large is-style-default\"><img loading=\"lazy\" decoding=\"async\" width=\"641\" height=\"1024\" src=\"http:\/\/www.barbotineciselet.fr\/wp-content\/uploads\/2024\/10\/detailT2d-1-641x1024.jpg\" alt=\"\" class=\"wp-image-144\" style=\"aspect-ratio:3\/4;object-fit:cover\" srcset=\"https:\/\/www.barbotineciselet.fr\/wp-content\/uploads\/2024\/10\/detailT2d-1-641x1024.jpg 641w, https:\/\/www.barbotineciselet.fr\/wp-content\/uploads\/2024\/10\/detailT2d-1-188x300.jpg 188w, https:\/\/www.barbotineciselet.fr\/wp-content\/uploads\/2024\/10\/detailT2d-1-768x1227.jpg 768w, https:\/\/www.barbotineciselet.fr\/wp-content\/uploads\/2024\/10\/detailT2d-1.jpg 796w\" sizes=\"auto, (max-width: 641px) 100vw, 641px\" \/><\/figure>\n\n\n\n<p>Gabin<\/p>\n\n\n\n<div style=\"height:13px\" aria-hidden=\"true\" class=\"wp-block-spacer\"><\/div>\n\n\n\n<div style=\"height:13px\" aria-hidden=\"true\" class=\"wp-block-spacer\"><\/div>\n\n\n\n<figure class=\"wp-block-image size-large is-style-default\"><img loading=\"lazy\" decoding=\"async\" width=\"682\" height=\"1024\" src=\"http:\/\/www.barbotineciselet.fr\/wp-content\/uploads\/2026\/04\/barbotineciselet-tete-5-682x1024.png\" alt=\"\" class=\"wp-image-740\" style=\"aspect-ratio:3\/4;object-fit:cover\" srcset=\"https:\/\/www.barbotineciselet.fr\/wp-content\/uploads\/2026\/04\/barbotineciselet-tete-5-682x1024.png 682w, https:\/\/www.barbotineciselet.fr\/wp-content\/uploads\/2026\/04\/barbotineciselet-tete-5-200x300.png 200w, https:\/\/www.barbotineciselet.fr\/wp-content\/uploads\/2026\/04\/barbotineciselet-tete-5-768x1154.png 768w, https:\/\/www.barbotineciselet.fr\/wp-content\/uploads\/2026\/04\/barbotineciselet-tete-5-8x12.png 8w, https:\/\/www.barbotineciselet.fr\/wp-content\/uploads\/2026\/04\/barbotineciselet-tete-5-600x901.png 600w, https:\/\/www.barbotineciselet.fr\/wp-content\/uploads\/2026\/04\/barbotineciselet-tete-5.png 1023w\" sizes=\"auto, (max-width: 682px) 100vw, 682px\" \/><\/figure>\n\n\n\n<p>Martial<\/p>\n\n\n\n<div style=\"height:13px\" aria-hidden=\"true\" class=\"wp-block-spacer\"><\/div>\n\n\n\n<div style=\"height:13px\" aria-hidden=\"true\" class=\"wp-block-spacer\"><\/div>\n<\/div>\n<\/div>\n<\/div>","protected":false},"excerpt":{"rendered":"<p>Quand un visage suffit \u00e0 tout dire Chaque sculpture est une pr\u00e9sence.Certaines se tiennent seules, comme des affirmations de singularit\u00e9.D&rsquo;autres dialoguent entre elles, r\u00e9v\u00e9lant la force du collectif. Je ne hi\u00e9rarchise pas les visages. Je donne \u00e0 chacun sa place. Avec la collection \u00ab\u00a0pr\u00e9sences ordinaires\u00a0\u00bb, je poursuis la m\u00eame intention :rendre visible l&rsquo;humain dans toute [&hellip;]<\/p>\n","protected":false},"author":1,"featured_media":0,"parent":0,"menu_order":0,"comment_status":"closed","ping_status":"closed","template":"","meta":{"footnotes":""},"class_list":["post-20","page","type-page","status-publish","hentry"],"yoast_head":"<!-- This site is optimized with the Yoast SEO plugin v27.1.1 - https:\/\/yoast.com\/product\/yoast-seo-wordpress\/ -->\n<title>regards - BARBOTINE CISELET sculptures d&#039;\u00e9motions TOULOUSE - FRANCE<\/title>\n<meta name=\"description\" content=\"sculptures, figurative, t\u00eate, unique, gr\u00e8s chamott\u00e9, fait main, Toulouse France. unique ceramic sculptures, handmade, Toulouse France\" \/>\n<meta name=\"robots\" content=\"index, follow, max-snippet:-1, max-image-preview:large, max-video-preview:-1\" \/>\n<link rel=\"canonical\" href=\"http:\/\/www.barbotineciselet.fr\/en\/sculptures-tetes-fait-main-toulouse-france\/\" \/>\n<meta property=\"og:locale\" content=\"en_GB\" \/>\n<meta property=\"og:type\" content=\"article\" \/>\n<meta property=\"og:title\" content=\"regards - BARBOTINE CISELET sculptures d&#039;\u00e9motions TOULOUSE - FRANCE\" \/>\n<meta property=\"og:description\" content=\"sculptures, figurative, t\u00eate, unique, gr\u00e8s chamott\u00e9, fait main, Toulouse France. unique ceramic sculptures, handmade, Toulouse France\" \/>\n<meta property=\"og:url\" content=\"http:\/\/www.barbotineciselet.fr\/en\/sculptures-tetes-fait-main-toulouse-france\/\" \/>\n<meta property=\"og:site_name\" content=\"BARBOTINE CISELET sculptures d&#039;\u00e9motions TOULOUSE - FRANCE\" \/>\n<meta property=\"article:publisher\" content=\"https:\/\/www.facebook.com\/profile.php?id=100011430076168\" \/>\n<meta property=\"article:modified_time\" content=\"2026-04-26T12:50:28+00:00\" \/>\n<meta property=\"og:image\" content=\"http:\/\/www.barbotineciselet.fr\/wp-content\/uploads\/2026\/02\/RESPIRATION-TETE2-1.png\" \/>\n<meta name=\"twitter:card\" content=\"summary_large_image\" \/>\n<meta name=\"twitter:label1\" content=\"Estimated reading time\" \/>\n\t<meta name=\"twitter:data1\" content=\"3 minutes\" \/>\n<script type=\"application\/ld+json\" class=\"yoast-schema-graph\">{\"@context\":\"https:\/\/schema.org\",\"@graph\":[{\"@type\":\"WebPage\",\"@id\":\"http:\/\/www.barbotineciselet.fr\/sculptures-tetes-fait-main-toulouse-france\/\",\"url\":\"http:\/\/www.barbotineciselet.fr\/sculptures-tetes-fait-main-toulouse-france\/\",\"name\":\"regards - BARBOTINE CISELET sculptures d&#039;\u00e9motions TOULOUSE - FRANCE\",\"isPartOf\":{\"@id\":\"http:\/\/www.barbotineciselet.fr\/#website\"},\"primaryImageOfPage\":{\"@id\":\"http:\/\/www.barbotineciselet.fr\/sculptures-tetes-fait-main-toulouse-france\/#primaryimage\"},\"image\":{\"@id\":\"http:\/\/www.barbotineciselet.fr\/sculptures-tetes-fait-main-toulouse-france\/#primaryimage\"},\"thumbnailUrl\":\"http:\/\/www.barbotineciselet.fr\/wp-content\/uploads\/2026\/02\/RESPIRATION-TETE2-1.png\",\"datePublished\":\"2024-09-30T21:38:31+00:00\",\"dateModified\":\"2026-04-26T12:50:28+00:00\",\"description\":\"sculptures, figurative, t\u00eate, unique, gr\u00e8s chamott\u00e9, fait main, Toulouse France. unique ceramic sculptures, handmade, Toulouse France\",\"breadcrumb\":{\"@id\":\"http:\/\/www.barbotineciselet.fr\/sculptures-tetes-fait-main-toulouse-france\/#breadcrumb\"},\"inLanguage\":\"en-GB\",\"potentialAction\":[{\"@type\":\"ReadAction\",\"target\":[\"http:\/\/www.barbotineciselet.fr\/sculptures-tetes-fait-main-toulouse-france\/\"]}]},{\"@type\":\"ImageObject\",\"inLanguage\":\"en-GB\",\"@id\":\"http:\/\/www.barbotineciselet.fr\/sculptures-tetes-fait-main-toulouse-france\/#primaryimage\",\"url\":\"http:\/\/www.barbotineciselet.fr\/wp-content\/uploads\/2026\/02\/RESPIRATION-TETE2-1.png\",\"contentUrl\":\"http:\/\/www.barbotineciselet.fr\/wp-content\/uploads\/2026\/02\/RESPIRATION-TETE2-1.png\"},{\"@type\":\"BreadcrumbList\",\"@id\":\"http:\/\/www.barbotineciselet.fr\/sculptures-tetes-fait-main-toulouse-france\/#breadcrumb\",\"itemListElement\":[{\"@type\":\"ListItem\",\"position\":1,\"name\":\"Accueil\",\"item\":\"http:\/\/www.barbotineciselet.fr\/\"},{\"@type\":\"ListItem\",\"position\":2,\"name\":\"regards\"}]},{\"@type\":\"WebSite\",\"@id\":\"http:\/\/www.barbotineciselet.fr\/#website\",\"url\":\"http:\/\/www.barbotineciselet.fr\/\",\"name\":\"BARBOTINE CISELET sculptures d'\u00e9motions TOULOUSE - FRANCE\",\"description\":\"sculptures d&#039;\u00e9motions - terre - pi\u00e8ces uniques, toulouse, France\",\"publisher\":{\"@id\":\"http:\/\/www.barbotineciselet.fr\/#\/schema\/person\/a26f367135c23aa07ad9d2b11b9a810e\"},\"potentialAction\":[{\"@type\":\"SearchAction\",\"target\":{\"@type\":\"EntryPoint\",\"urlTemplate\":\"http:\/\/www.barbotineciselet.fr\/?s={search_term_string}\"},\"query-input\":{\"@type\":\"PropertyValueSpecification\",\"valueRequired\":true,\"valueName\":\"search_term_string\"}}],\"inLanguage\":\"en-GB\"},{\"@type\":[\"Person\",\"Organization\"],\"@id\":\"http:\/\/www.barbotineciselet.fr\/#\/schema\/person\/a26f367135c23aa07ad9d2b11b9a810e\",\"name\":\"barbotine ciselet\",\"image\":{\"@type\":\"ImageObject\",\"inLanguage\":\"en-GB\",\"@id\":\"http:\/\/www.barbotineciselet.fr\/#\/schema\/person\/image\/\",\"url\":\"http:\/\/www.barbotineciselet.fr\/wp-content\/uploads\/2026\/03\/LOGO_2026-scaled.jpg\",\"contentUrl\":\"http:\/\/www.barbotineciselet.fr\/wp-content\/uploads\/2026\/03\/LOGO_2026-scaled.jpg\",\"width\":2560,\"height\":623,\"caption\":\"barbotine ciselet\"},\"logo\":{\"@id\":\"http:\/\/www.barbotineciselet.fr\/#\/schema\/person\/image\/\"},\"sameAs\":[\"http:\/\/www.barbotineciselet.fr\",\"https:\/\/www.facebook.com\/profile.php?id=100011430076168\",\"https:\/\/www.instagram.com\/barbotineciselet_sculptures\/\"]}]}<\/script>\n<!-- \/ Yoast SEO plugin. -->","yoast_head_json":{"title":"regards - BARBOTINE CISELET sculptures d&#039;\u00e9motions TOULOUSE - FRANCE","description":"sculptures, figurative, t\u00eate, unique, gr\u00e8s chamott\u00e9, fait main, Toulouse France. unique ceramic sculptures, handmade, Toulouse France","robots":{"index":"index","follow":"follow","max-snippet":"max-snippet:-1","max-image-preview":"max-image-preview:large","max-video-preview":"max-video-preview:-1"},"canonical":"http:\/\/www.barbotineciselet.fr\/en\/sculptures-tetes-fait-main-toulouse-france\/","og_locale":"en_GB","og_type":"article","og_title":"regards - BARBOTINE CISELET sculptures d&#039;\u00e9motions TOULOUSE - FRANCE","og_description":"sculptures, figurative, t\u00eate, unique, gr\u00e8s chamott\u00e9, fait main, Toulouse France. unique ceramic sculptures, handmade, Toulouse France","og_url":"http:\/\/www.barbotineciselet.fr\/en\/sculptures-tetes-fait-main-toulouse-france\/","og_site_name":"BARBOTINE CISELET sculptures d&#039;\u00e9motions TOULOUSE - FRANCE","article_publisher":"https:\/\/www.facebook.com\/profile.php?id=100011430076168","article_modified_time":"2026-04-26T12:50:28+00:00","og_image":[{"url":"http:\/\/www.barbotineciselet.fr\/wp-content\/uploads\/2026\/02\/RESPIRATION-TETE2-1.png","type":"","width":"","height":""}],"twitter_card":"summary_large_image","twitter_misc":{"Estimated reading time":"3 minutes"},"schema":{"@context":"https:\/\/schema.org","@graph":[{"@type":"WebPage","@id":"http:\/\/www.barbotineciselet.fr\/sculptures-tetes-fait-main-toulouse-france\/","url":"http:\/\/www.barbotineciselet.fr\/sculptures-tetes-fait-main-toulouse-france\/","name":"regards - BARBOTINE CISELET sculptures d&#039;\u00e9motions TOULOUSE - FRANCE","isPartOf":{"@id":"http:\/\/www.barbotineciselet.fr\/#website"},"primaryImageOfPage":{"@id":"http:\/\/www.barbotineciselet.fr\/sculptures-tetes-fait-main-toulouse-france\/#primaryimage"},"image":{"@id":"http:\/\/www.barbotineciselet.fr\/sculptures-tetes-fait-main-toulouse-france\/#primaryimage"},"thumbnailUrl":"http:\/\/www.barbotineciselet.fr\/wp-content\/uploads\/2026\/02\/RESPIRATION-TETE2-1.png","datePublished":"2024-09-30T21:38:31+00:00","dateModified":"2026-04-26T12:50:28+00:00","description":"sculptures, figurative, t\u00eate, unique, gr\u00e8s chamott\u00e9, fait main, Toulouse France. unique ceramic sculptures, handmade, Toulouse France","breadcrumb":{"@id":"http:\/\/www.barbotineciselet.fr\/sculptures-tetes-fait-main-toulouse-france\/#breadcrumb"},"inLanguage":"en-GB","potentialAction":[{"@type":"ReadAction","target":["http:\/\/www.barbotineciselet.fr\/sculptures-tetes-fait-main-toulouse-france\/"]}]},{"@type":"ImageObject","inLanguage":"en-GB","@id":"http:\/\/www.barbotineciselet.fr\/sculptures-tetes-fait-main-toulouse-france\/#primaryimage","url":"http:\/\/www.barbotineciselet.fr\/wp-content\/uploads\/2026\/02\/RESPIRATION-TETE2-1.png","contentUrl":"http:\/\/www.barbotineciselet.fr\/wp-content\/uploads\/2026\/02\/RESPIRATION-TETE2-1.png"},{"@type":"BreadcrumbList","@id":"http:\/\/www.barbotineciselet.fr\/sculptures-tetes-fait-main-toulouse-france\/#breadcrumb","itemListElement":[{"@type":"ListItem","position":1,"name":"Accueil","item":"http:\/\/www.barbotineciselet.fr\/"},{"@type":"ListItem","position":2,"name":"regards"}]},{"@type":"WebSite","@id":"http:\/\/www.barbotineciselet.fr\/#website","url":"http:\/\/www.barbotineciselet.fr\/","name":"BARBOTINE CISELET sculptures d'\u00e9motions TOULOUSE - FRANCE","description":"sculptures d&#039;\u00e9motions - terre - pi\u00e8ces uniques, toulouse, France","publisher":{"@id":"http:\/\/www.barbotineciselet.fr\/#\/schema\/person\/a26f367135c23aa07ad9d2b11b9a810e"},"potentialAction":[{"@type":"SearchAction","target":{"@type":"EntryPoint","urlTemplate":"http:\/\/www.barbotineciselet.fr\/?s={search_term_string}"},"query-input":{"@type":"PropertyValueSpecification","valueRequired":true,"valueName":"search_term_string"}}],"inLanguage":"en-GB"},{"@type":["Person","Organization"],"@id":"http:\/\/www.barbotineciselet.fr\/#\/schema\/person\/a26f367135c23aa07ad9d2b11b9a810e","name":"barbotine ciselet","image":{"@type":"ImageObject","inLanguage":"en-GB","@id":"http:\/\/www.barbotineciselet.fr\/#\/schema\/person\/image\/","url":"http:\/\/www.barbotineciselet.fr\/wp-content\/uploads\/2026\/03\/LOGO_2026-scaled.jpg","contentUrl":"http:\/\/www.barbotineciselet.fr\/wp-content\/uploads\/2026\/03\/LOGO_2026-scaled.jpg","width":2560,"height":623,"caption":"barbotine ciselet"},"logo":{"@id":"http:\/\/www.barbotineciselet.fr\/#\/schema\/person\/image\/"},"sameAs":["http:\/\/www.barbotineciselet.fr","https:\/\/www.facebook.com\/profile.php?id=100011430076168","https:\/\/www.instagram.com\/barbotineciselet_sculptures\/"]}]}},"_links":{"self":[{"href":"https:\/\/www.barbotineciselet.fr\/en\/wp-json\/wp\/v2\/pages\/20","targetHints":{"allow":["GET"]}}],"collection":[{"href":"https:\/\/www.barbotineciselet.fr\/en\/wp-json\/wp\/v2\/pages"}],"about":[{"href":"https:\/\/www.barbotineciselet.fr\/en\/wp-json\/wp\/v2\/types\/page"}],"author":[{"embeddable":true,"href":"https:\/\/www.barbotineciselet.fr\/en\/wp-json\/wp\/v2\/users\/1"}],"replies":[{"embeddable":true,"href":"https:\/\/www.barbotineciselet.fr\/en\/wp-json\/wp\/v2\/comments?post=20"}],"version-history":[{"count":58,"href":"https:\/\/www.barbotineciselet.fr\/en\/wp-json\/wp\/v2\/pages\/20\/revisions"}],"predecessor-version":[{"id":745,"href":"https:\/\/www.barbotineciselet.fr\/en\/wp-json\/wp\/v2\/pages\/20\/revisions\/745"}],"wp:attachment":[{"href":"https:\/\/www.barbotineciselet.fr\/en\/wp-json\/wp\/v2\/media?parent=20"}],"curies":[{"name":"wp","href":"https:\/\/api.w.org\/{rel}","templated":true}]}}